{"id":9489,"date":"2026-04-08T12:59:39","date_gmt":"2026-04-08T10:59:39","guid":{"rendered":"https:\/\/www.aquamagis.de\/9489-2\/"},"modified":"2026-04-08T14:15:17","modified_gmt":"2026-04-08T12:15:17","slug":"9489-2","status":"publish","type":"page","link":"https:\/\/www.aquamagis.de\/tr\/9489-2\/","title":{"rendered":"Bull&#8217;s eye: Kevin Gro\u00dfkreutz&#8217;dan selamlar"},"content":{"rendered":"<p>[et_pb_section fb_built=&#8221;1&#8243; _builder_version=&#8221;4.27.6&#8243; _module_preset=&#8221;default&#8221; background_color=&#8221;#183647&#8243; custom_padding=&#8221;60px||90px|||&#8221; hover_enabled=&#8221;0&#8243; da_disable_devices=&#8221;off|off|off&#8221; global_colors_info=&#8221;{}&#8221; bottom_divider_style=&#8221;wave2&#8243; bottom_divider_height=&#8221;61px&#8221; sticky_enabled=&#8221;0&#8243; next_background_color=&#8221;#ffffff&#8221; da_is_popup=&#8221;off&#8221; da_exit_intent=&#8221;off&#8221; da_has_close=&#8221;on&#8221; da_alt_close=&#8221;off&#8221; da_dark_close=&#8221;off&#8221; da_not_modal=&#8221;on&#8221; da_is_singular=&#8221;off&#8221; da_with_loader=&#8221;off&#8221; da_has_shadow=&#8221;on&#8221;][et_pb_row _builder_version=&#8221;4.27.6&#8243; _module_preset=&#8221;default&#8221; custom_padding=&#8221;14px||60px|||&#8221; global_colors_info=&#8221;{}&#8221;][et_pb_column type=&#8221;4_4&#8243; _builder_version=&#8221;4.27.6&#8243; _module_preset=&#8221;default&#8221; global_colors_info=&#8221;{}&#8221;][et_pb_image src=&#8221;https:\/\/www.aquamagis.de\/wp-content\/uploads\/2026\/03\/aktionslogo.svg&#8221; alt=&#8221;Kampanya logosu&#8221; title_text=&#8221;Kampanya logosu&#8221; align=&#8221;center&#8221; _builder_version=&#8221;4.27.6&#8243; _module_preset=&#8221;default&#8221; background_enable_color=&#8221;off&#8221; max_width=&#8221;500px&#8221; global_colors_info=&#8221;{}&#8221;][\/et_pb_image][\/et_pb_column][\/et_pb_row][et_pb_row column_structure=&#8221;3_5,2_5&#8243; make_equal=&#8221;on&#8221; custom_padding_last_edited=&#8221;on|phone&#8221; _builder_version=&#8221;4.27.6&#8243; _module_preset=&#8221;default&#8221; background_color=&#8221;#FFFFFF&#8221; custom_padding=&#8221;60px|40px|0px|40px|false|false&#8221; custom_padding_tablet=&#8221;40px|30px|40px|30px|true|true&#8221; custom_padding_phone=&#8221;30px||30px||true|true&#8221; hover_enabled=&#8221;0&#8243; global_colors_info=&#8221;{}&#8221; max_width=&#8221;1170px&#8221; sticky_enabled=&#8221;0&#8243;][et_pb_column type=&#8221;3_5&#8243; _builder_version=&#8221;4.27.6&#8243; _module_preset=&#8221;default&#8221; custom_css_main_element=&#8221;display: flex;||flex-direction: column;||justify-content: center;&#8221; global_colors_info=&#8221;{}&#8221;][et_pb_text _builder_version=&#8221;4.27.6&#8243; _module_preset=&#8221;default&#8221; custom_margin=&#8221;||40px|||&#8221; global_colors_info=&#8221;{}&#8221;]<\/p>\n<h3>Kevin Gro\u00dfkreutz&#8217;dan selamlar<\/h3>\n<p>Selam \u00e7ocuklar,<\/p>\n<p>\u00d6ncelikle hepinize kocaman bir iltifat. \u00c7ok say\u0131da ba\u015fvuru g\u00f6rd\u00fcm ve her biri tak\u0131mlar\u0131n\u0131zda ne kadar tutku, tak\u0131m ruhu ve y\u00fcrek oldu\u011funu g\u00f6sterdi. Futbol ger\u00e7ekten de b\u00f6yle bir \u015fey.  <\/p>\n<p>Elbette, sonunda sadece bir tak\u0131m kazanabilir. Ama d\u00fcr\u00fcst olmak gerekirse, hepiniz kazananlars\u0131n\u0131z. \u00c7\u00fcnk\u00fc bir tak\u0131m olarak birbirinize ba\u011fl\u0131s\u0131n\u0131z, birbirinizi zorluyorsunuz ve sporunuza tutkuyla ba\u011fl\u0131s\u0131n\u0131z.  <\/p>\n<p>\u0130yi \u00e7al\u0131\u015fmaya devam edin. Antrenman yapmaya devam edin, sahada e\u011flenin ve kendinize inan\u0131n. Kim bilir, belki bir g\u00fcn saha i\u00e7inde ya da d\u0131\u015f\u0131nda kar\u015f\u0131la\u015f\u0131r\u0131z&#8230;  <\/p>\n<p>Yakla\u015fan t\u00fcm ma\u00e7lar\u0131n\u0131z i\u00e7in parmaklar\u0131m\u0131 \u00e7apraz tutuyorum ve ekibinizle harika zaman ge\u00e7irmenizi diliyorum.<\/p>\n<p>Senin Kevin&#8217;in<\/p>\n<p>[\/et_pb_text][\/et_pb_column][et_pb_column type=&#8221;2_5&#8243; _builder_version=&#8221;4.27.6&#8243; _module_preset=&#8221;default&#8221; global_colors_info=&#8221;{}&#8221;][et_pb_image src=&#8221;https:\/\/www.aquamagis.de\/wp-content\/uploads\/2026\/04\/kevin-grosskreutz-1.jpg&#8221; alt=&#8221;Kevin Gro\u00dfkreutz&#8221; title_text=&#8221;Kevin Gro\u00dfkreutz&#8221; align=&#8221;center&#8221; _builder_version=&#8221;4.27.6&#8243; _module_preset=&#8221;default&#8221; max_width=&#8221;350px&#8221; global_colors_info=&#8221;{}&#8221;][\/et_pb_image][\/et_pb_column][\/et_pb_row][\/et_pb_section]<\/p>\n","protected":false},"excerpt":{"rendered":"<p>Kevin Gro\u00dfkreutz&#8217;dan selamlar Selam \u00e7ocuklar, \u00d6ncelikle hepinize kocaman bir iltifat. \u00c7ok say\u0131da ba\u015fvuru g\u00f6rd\u00fcm ve her biri tak\u0131mlar\u0131n\u0131zda ne kadar tutku, tak\u0131m ruhu ve y\u00fcrek oldu\u011funu g\u00f6sterdi. Futbol ger\u00e7ekten de b\u00f6yle bir \u015fey. Elbette, sonunda sadece bir tak\u0131m kazanabilir. Ama d\u00fcr\u00fcst olmak gerekirse, hepiniz kazananlars\u0131n\u0131z. \u00c7\u00fcnk\u00fc bir tak\u0131m olarak birbirinize ba\u011fl\u0131s\u0131n\u0131z, birbirinizi zorluyorsunuz ve sporunuza [&hellip;]<\/p>\n","protected":false},"author":2,"featured_media":0,"parent":0,"menu_order":0,"comment_status":"closed","ping_status":"closed","template":"","meta":{"_acf_changed":false,"_et_pb_use_builder":"on","_et_pb_old_content":"","_et_gb_content_width":"","footnotes":""},"class_list":["post-9489","page","type-page","status-publish","hentry"],"acf":[],"publishpress_future_action":{"enabled":false,"date":"2026-05-07 19:34:13","action":"change-status","newStatus":"draft","terms":[],"taxonomy":"translation_priority","extraData":[]},"publishpress_future_workflow_manual_trigger":{"enabledWorkflows":[]},"_links":{"self":[{"href":"https:\/\/www.aquamagis.de\/tr\/wp-json\/wp\/v2\/pages\/9489","targetHints":{"allow":["GET"]}}],"collection":[{"href":"https:\/\/www.aquamagis.de\/tr\/wp-json\/wp\/v2\/pages"}],"about":[{"href":"https:\/\/www.aquamagis.de\/tr\/wp-json\/wp\/v2\/types\/page"}],"author":[{"embeddable":true,"href":"https:\/\/www.aquamagis.de\/tr\/wp-json\/wp\/v2\/users\/2"}],"replies":[{"embeddable":true,"href":"https:\/\/www.aquamagis.de\/tr\/wp-json\/wp\/v2\/comments?post=9489"}],"version-history":[{"count":5,"href":"https:\/\/www.aquamagis.de\/tr\/wp-json\/wp\/v2\/pages\/9489\/revisions"}],"predecessor-version":[{"id":9540,"href":"https:\/\/www.aquamagis.de\/tr\/wp-json\/wp\/v2\/pages\/9489\/revisions\/9540"}],"wp:attachment":[{"href":"https:\/\/www.aquamagis.de\/tr\/wp-json\/wp\/v2\/media?parent=9489"}],"curies":[{"name":"wp","href":"https:\/\/api.w.org\/{rel}","templated":true}]}}