{"id":5281,"date":"2025-04-24T11:30:31","date_gmt":"2025-04-24T09:30:31","guid":{"rendered":"https:\/\/www.aquamagis.de\/aquamagis-hakkinda\/"},"modified":"2026-04-02T16:46:20","modified_gmt":"2026-04-02T14:46:20","slug":"aquamagis-hakkinda","status":"publish","type":"page","link":"https:\/\/www.aquamagis.de\/tr\/aquamagis-hakkinda\/","title":{"rendered":"Aquamagis Hakk\u0131nda"},"content":{"rendered":"<p>[et_pb_section fb_built=&#8221;1&#8243; custom_padding_last_edited=&#8221;on|desktop&#8221; module_class=&#8221;custom-mask-1&#8243; _builder_version=&#8221;4.27.4&#8243; _module_preset=&#8221;default&#8221; use_background_color_gradient=&#8221;on&#8221; background_color_gradient_direction=&#8221;90deg&#8221; background_color_gradient_stops=&#8221;#183647 30%|rgba(255,255,255,0) 100%&#8221; background_image=&#8221;https:\/\/www.aquamagis.de\/wp-content\/uploads\/2025\/03\/aquamagis-plettenberg-schwimmbad-spassbad-header-2.jpg&#8221; background_position=&#8221;bottom_center&#8221; background_blend=&#8221;multiply&#8221; min_height_tablet=&#8221;&#8221; min_height_phone=&#8221;&#8221; min_height_last_edited=&#8221;on|phone&#8221; custom_padding=&#8221;6vh||0px||false|false&#8221; custom_padding_tablet=&#8221;10vh||||false|false&#8221; custom_padding_phone=&#8221;6vh||0px||false|false&#8221; da_disable_devices=&#8221;off|off|off&#8221; locked=&#8221;off&#8221; global_colors_info=&#8221;{}&#8221; da_is_popup=&#8221;off&#8221; da_exit_intent=&#8221;off&#8221; da_has_close=&#8221;on&#8221; da_alt_close=&#8221;off&#8221; da_dark_close=&#8221;off&#8221; da_not_modal=&#8221;on&#8221; da_is_singular=&#8221;off&#8221; da_with_loader=&#8221;off&#8221; da_has_shadow=&#8221;on&#8221;][et_pb_row custom_padding_last_edited=&#8221;on|phone&#8221; _builder_version=&#8221;4.27.4&#8243; _module_preset=&#8221;default&#8221; custom_padding=&#8221;||0%||false|false&#8221; custom_padding_tablet=&#8221;||10%||false|false&#8221; custom_padding_phone=&#8221;||10%||false|false&#8221; global_colors_info=&#8221;{}&#8221;][et_pb_column type=&#8221;4_4&#8243; _builder_version=&#8221;4.27.4&#8243; _module_preset=&#8221;default&#8221; global_colors_info=&#8221;{}&#8221;][et_pb_text _builder_version=&#8221;4.27.4&#8243; _module_preset=&#8221;default&#8221; text_text_color=&#8221;#FFFFFF&#8221; text_font_size=&#8221;1.6em&#8221; text_line_height=&#8221;1.3em&#8221; header_font=&#8221;-et_global_heading_font|800|||||||&#8221; header_text_color=&#8221;#FFFFFF&#8221; header_2_text_color=&#8221;#FFFFFF&#8221; max_width=&#8221;70%&#8221; max_width_tablet=&#8221;100%&#8221; max_width_phone=&#8221;100%&#8221; max_width_last_edited=&#8221;on|tablet&#8221; text_font_size_tablet=&#8221;1.1em&#8221; text_font_size_phone=&#8221;1em&#8221; text_font_size_last_edited=&#8221;on|phone&#8221; global_colors_info=&#8221;{}&#8221;]<\/p>\n<h1>AquaMagis Hakk\u0131nda<\/h1>\n<p class=\"p1\"><b>T\u00fcm duyular i\u00e7in bir deneyim<\/b><b><\/b><\/p>\n<p class=\"p2\">Sauerland&#8217;\u0131n kalbinde su e\u011flencesi, rahatlama ve macera. AquaMagis 20 y\u0131l\u0131 a\u015fk\u0131n bir s\u00fcredir yak\u0131n ve uzak b\u00f6lgelerden gelen konuklar\u0131n\u0131 memnun etmekte ve s\u00fcrekli geli\u015fmektedir. <\/p>\n<p>[\/et_pb_text][dipi_button_grid flex_direction=&#8221;row&#8221; justify_content=&#8221;flex-start&#8221; align_items=&#8221;center&#8221; flex_direction_tablet=&#8221;row&#8221; flex_direction_phone=&#8221;row&#8221; flex_direction_last_edited=&#8221;on|phone&#8221; justify_content_tablet=&#8221;center&#8221; justify_content_phone=&#8221;center&#8221; justify_content_last_edited=&#8221;on|tablet&#8221; _builder_version=&#8221;4.27.4&#8243; _module_preset=&#8221;default&#8221; custom_button_grid=&#8221;on&#8221; button_grid_text_size=&#8221;20px&#8221; button_grid_border_width=&#8221;0px&#8221; button_grid_border_radius=&#8221;25px&#8221; button_grid_font=&#8221;|600||on|||||&#8221; button_grid_text_size_tablet=&#8221;20px&#8221; button_grid_text_size_phone=&#8221;16px&#8221; button_grid_text_size_last_edited=&#8221;on|phone&#8221; box_shadow_style_button_grid=&#8221;preset1&#8243; box_shadow_vertical_button_grid=&#8221;0px&#8221; box_shadow_blur_button_grid=&#8221;25px&#8221; box_shadow_color_button_grid=&#8221;rgba(255,255,255,0.7)&#8221; locked=&#8221;off&#8221; global_colors_info=&#8221;{}&#8221;][dipi_button_grid_child button_id=&#8221;\u00dcber uns&#8221; button_type=&#8221;dp_button&#8221; button_text=&#8221;Hakk\u0131m\u0131zda  &#8221; button_link=&#8221;#ueberuns&#8221; button_link_target=&#8221;off&#8221; _builder_version=&#8221;4.27.4&#8243; _module_preset=&#8221;default&#8221; custom_button=&#8221;on&#8221; button_text_color=&#8221;#FFFFFF&#8221; button_bg_color=&#8221;#183647&#8243; custom_css_button_type=&#8221;min-width: 200px;||text-align: center;&#8221; global_colors_info=&#8221;{}&#8221; transform_styles__hover_enabled=&#8221;on|hover&#8221; transform_scale__hover_enabled=&#8221;on|hover&#8221; transform_translate__hover_enabled=&#8221;on|desktop&#8221; transform_rotate__hover_enabled=&#8221;on|desktop&#8221; transform_skew__hover_enabled=&#8221;on|desktop&#8221; transform_origin__hover_enabled=&#8221;on|desktop&#8221; transform_scale__hover=&#8221;105%|105%&#8221; custom_css_button_type_last_edited=&#8221;off|phone&#8221;][\/dipi_button_grid_child][dipi_button_grid_child button_id=&#8221;Nachhaltigkeit&#8221; button_type=&#8221;dp_button&#8221; button_text=&#8221;S\u00fcrd\u00fcr\u00fclebilirlik&#8221; button_link=&#8221;#nachhaltigkeit&#8221; button_link_target=&#8221;off&#8221; _builder_version=&#8221;4.27.4&#8243; _module_preset=&#8221;default&#8221; custom_button=&#8221;on&#8221; button_text_color=&#8221;#000000&#8243; button_bg_color=&#8221;#FBBA00&#8243; custom_css_button_type=&#8221;min-width: 200px;||text-align: center;&#8221; global_colors_info=&#8221;{}&#8221; transform_styles__hover_enabled=&#8221;on|hover&#8221; transform_scale__hover_enabled=&#8221;on|hover&#8221; transform_translate__hover_enabled=&#8221;on|desktop&#8221; transform_rotate__hover_enabled=&#8221;on|desktop&#8221; transform_skew__hover_enabled=&#8221;on|desktop&#8221; transform_origin__hover_enabled=&#8221;on|desktop&#8221; transform_scale__hover=&#8221;105%|105%&#8221; custom_css_button_type_last_edited=&#8221;off|desktop&#8221; custom_css_button_type_phone=&#8221;width: 300px !important;||text-align: center !important;&#8221;][\/dipi_button_grid_child][dipi_button_grid_child button_id=&#8221;Presse&#8221; button_type=&#8221;dp_button&#8221; button_text=&#8221;Bas\u0131n&#8221; button_link=&#8221;#presse&#8221; button_link_target=&#8221;off&#8221; _builder_version=&#8221;4.27.4&#8243; _module_preset=&#8221;default&#8221; custom_button=&#8221;on&#8221; button_text_color=&#8221;#FFFFFF&#8221; button_bg_color=&#8221;#B30018&#8243; custom_css_button_type=&#8221;min-width: 200px;||text-align: center;&#8221; global_colors_info=&#8221;{}&#8221; transform_styles__hover_enabled=&#8221;on|hover&#8221; transform_scale__hover_enabled=&#8221;on|hover&#8221; transform_translate__hover_enabled=&#8221;on|desktop&#8221; transform_rotate__hover_enabled=&#8221;on|desktop&#8221; transform_skew__hover_enabled=&#8221;on|desktop&#8221; transform_origin__hover_enabled=&#8221;on|desktop&#8221; transform_scale__hover=&#8221;105%|105%&#8221; custom_css_button_type_last_edited=&#8221;off|desktop&#8221; custom_css_button_type_phone=&#8221;width: 300px !important;||text-align: center !important;&#8221; button_bg_color__hover_enabled=&#8221;on|desktop&#8221; button_bg_color__hover=&#8221;#B30018&#8243;][\/dipi_button_grid_child][\/dipi_button_grid][\/et_pb_column][\/et_pb_row][et_pb_row _builder_version=&#8221;4.27.4&#8243; _module_preset=&#8221;default&#8221; width=&#8221;100%&#8221; max_width=&#8221;100%&#8221; custom_margin=&#8221;0px|0px|0px|0px|false|false&#8221; custom_padding=&#8221;0px|0px|0px|0px|false|false&#8221; locked=&#8221;off&#8221; global_colors_info=&#8221;{}&#8221;][et_pb_column type=&#8221;4_4&#8243; _builder_version=&#8221;4.27.4&#8243; _module_preset=&#8221;default&#8221; global_colors_info=&#8221;{}&#8221;][et_pb_image src=&#8221;https:\/\/www.aquamagis.de\/wp-content\/uploads\/2025\/03\/Welle_AquaMagis.svg&#8221; _builder_version=&#8221;4.27.4&#8243; _module_preset=&#8221;default&#8221; global_colors_info=&#8221;{}&#8221;][\/et_pb_image][\/et_pb_column][\/et_pb_row][\/et_pb_section][et_pb_section fb_built=&#8221;1&#8243; module_id=&#8221;hakkimizda&#8221; _builder_version=&#8221;4.27.4&#8243; _module_preset=&#8221;default&#8221; background_color=&#8221;#183647&#8243; custom_padding=&#8221;0px||||false|false&#8221; da_disable_devices=&#8221;off|off|off&#8221; locked=&#8221;off&#8221; global_colors_info=&#8221;{}&#8221; da_is_popup=&#8221;off&#8221; da_exit_intent=&#8221;off&#8221; da_has_close=&#8221;on&#8221; da_alt_close=&#8221;off&#8221; da_dark_close=&#8221;off&#8221; da_not_modal=&#8221;on&#8221; da_is_singular=&#8221;off&#8221; da_with_loader=&#8221;off&#8221; da_has_shadow=&#8221;on&#8221;][et_pb_row column_structure=&#8221;3_5,2_5&#8243; _builder_version=&#8221;4.27.4&#8243; _module_preset=&#8221;default&#8221; global_colors_info=&#8221;{}&#8221;][et_pb_column type=&#8221;3_5&#8243; _builder_version=&#8221;4.27.4&#8243; _module_preset=&#8221;default&#8221; global_colors_info=&#8221;{}&#8221;][et_pb_text _builder_version=&#8221;4.27.4&#8243; _module_preset=&#8221;default&#8221; text_text_color=&#8221;#FFFFFF&#8221; header_2_text_color=&#8221;#FFFFFF&#8221; header_3_text_color=&#8221;#FFFFFF&#8221; header_4_text_color=&#8221;#FFFFFF&#8221; locked=&#8221;off&#8221; global_colors_info=&#8221;{}&#8221;]<\/p>\n<h2><b>AquaMagis - tarihimiz, vizyonumuz<\/b><\/h2>\n<p class=\"p3\">2003 y\u0131l\u0131nda modern bir e\u011flence havuzu olarak ba\u015flayan AquaMagis, Kuzey Ren-Vestfalya&#8217;n\u0131n en pop\u00fcler macera havuzlar\u0131ndan biri haline geldi. Y\u0131lda 350.000&#8217;den fazla ziyaret\u00e7isiyle AquaMagis art\u0131k b\u00f6lgenin \u00f6nde gelen e\u011flence \u015firketlerinden biri - nesilleri birbirine ba\u011flayan bir yer. <\/p>\n<p class=\"p3\">AquaMagis, d\u00fcnyan\u0131n ilk ayakta kayd\u0131ra\u011f\u0131, r\u00fczgar kayd\u0131ra\u011f\u0131 &#8220;Storm Force 1&#8221; veya yak\u0131nda Almanya&#8217;n\u0131n en y\u00fcksek a\u00e7\u0131k hava su kayd\u0131ra\u011f\u0131 &#8220;ShootingSTAR&#8221; gibi yeni atraksiyonlara yap\u0131lan s\u00fcrekli yat\u0131r\u0131mlarla s\u00fcrekli olarak geli\u015ftirilmektedir. Aile dostu <span class=\"s2\"><b>AquaMagis Tatil K\u00f6y\u00fc<\/b><\/span>b\u00fcy\u00fck <span class=\"s2\"><b>sauna manzaras\u0131<\/b><\/span> ve <span class=\"s2\"><b>Wellcome fitness st\u00fcdyosu<\/b><\/span> bir macera havuzundan daha fazlas\u0131 olma iddiam\u0131z\u0131n bir ifadesidir: aileler, arkada\u015f gruplar\u0131, spor merakl\u0131lar\u0131 ve rahatlamak isteyenler i\u00e7in var\u0131lacak, b\u0131rak\u0131lacak ve deneyimlenecek bir yer. <\/p>\n<p>[\/et_pb_text][\/et_pb_column][et_pb_column type=&#8221;2_5&#8243; _builder_version=&#8221;4.27.4&#8243; _module_preset=&#8221;default&#8221; global_colors_info=&#8221;{}&#8221;][dipi_image_gallery _builder_version=&#8221;4.27.4&#8243; _module_preset=&#8221;default&#8221; global_colors_info=&#8221;{}&#8221;][dipi_image_gallery_child item_image=&#8221;https:\/\/www.aquamagis.de\/wp-content\/uploads\/2025\/03\/aquamagis-plettenberg-schwimmbad-spassbad-header-2.jpg&#8221; _builder_version=&#8221;4.27.4&#8243; _module_preset=&#8221;default&#8221; global_colors_info=&#8221;{}&#8221;][\/dipi_image_gallery_child][dipi_image_gallery_child item_image=&#8221;https:\/\/www.aquamagis.de\/wp-content\/uploads\/2025\/03\/aquamagis-plettenberg-schwimmbad-spassbad-header_3.jpg&#8221; _builder_version=&#8221;4.27.4&#8243; _module_preset=&#8221;default&#8221; global_colors_info=&#8221;{}&#8221;][\/dipi_image_gallery_child][dipi_image_gallery_child item_image=&#8221;https:\/\/www.aquamagis.de\/wp-content\/uploads\/2025\/03\/aquamagis-plettenberg-schwimmbad-spassbad-header_rutschenturm.jpg&#8221; _builder_version=&#8221;4.27.4&#8243; _module_preset=&#8221;default&#8221; global_colors_info=&#8221;{}&#8221;][\/dipi_image_gallery_child][dipi_image_gallery_child item_image=&#8221;https:\/\/www.aquamagis.de\/wp-content\/uploads\/2025\/03\/aquamagis-plettenberg-schwimmbad-spassbad-rutschen-becken-aussenpool-2.jpg&#8221; _builder_version=&#8221;4.27.4&#8243; _module_preset=&#8221;default&#8221; global_colors_info=&#8221;{}&#8221;][\/dipi_image_gallery_child][\/dipi_image_gallery][\/et_pb_column][\/et_pb_row][\/et_pb_section][et_pb_section fb_built=&#8221;1&#8243; module_id=&#8221;s\u00fcrd\u00fcr\u00fclebi\u0307li\u0307rli\u0307k&#8221; _builder_version=&#8221;4.27.4&#8243; _module_preset=&#8221;default&#8221; background_enable_color=&#8221;off&#8221; da_disable_devices=&#8221;off|off|off&#8221; locked=&#8221;off&#8221; global_colors_info=&#8221;{}&#8221; da_is_popup=&#8221;off&#8221; da_exit_intent=&#8221;off&#8221; da_has_close=&#8221;on&#8221; da_alt_close=&#8221;off&#8221; da_dark_close=&#8221;off&#8221; da_not_modal=&#8221;on&#8221; da_is_singular=&#8221;off&#8221; da_with_loader=&#8221;off&#8221; da_has_shadow=&#8221;on&#8221;][et_pb_row _builder_version=&#8221;4.27.4&#8243; _module_preset=&#8221;default&#8221; custom_padding=&#8221;||3px|||&#8221; global_colors_info=&#8221;{}&#8221;][et_pb_column type=&#8221;4_4&#8243; _builder_version=&#8221;4.27.4&#8243; _module_preset=&#8221;default&#8221; global_colors_info=&#8221;{}&#8221;][et_pb_text _builder_version=&#8221;4.27.4&#8243; _module_preset=&#8221;default&#8221; header_2_text_color=&#8221;#183647&#8243; header_3_text_color=&#8221;#FFFFFF&#8221; global_colors_info=&#8221;{}&#8221;]<\/p>\n<h2>AquaMagis&#8217;te S\u00fcrd\u00fcr\u00fclebilirlik<\/h2>\n<p>[\/et_pb_text][\/et_pb_column][\/et_pb_row][et_pb_row column_structure=&#8221;1_2,1_2&#8243; use_custom_gutter=&#8221;on&#8221; gutter_width=&#8221;2&#8243; make_equal=&#8221;on&#8221; _builder_version=&#8221;4.27.4&#8243; _module_preset=&#8221;default&#8221; global_colors_info=&#8221;{}&#8221;][et_pb_column type=&#8221;1_2&#8243; _builder_version=&#8221;4.27.4&#8243; _module_preset=&#8221;default&#8221; global_colors_info=&#8221;{}&#8221;][et_pb_text _builder_version=&#8221;4.27.4&#8243; _module_preset=&#8221;default&#8221; header_2_text_color=&#8221;#183647&#8243; header_3_text_color=&#8221;#FFFFFF&#8221; global_colors_info=&#8221;{}&#8221;]<\/p>\n<p class=\"p3\">Modern bir e\u011flence \u015firketi olarak \u00e7evremiz, b\u00f6lgemiz ve gelecek nesiller i\u00e7in sorumluluk ta\u015f\u0131yoruz. Bu nedenle kaynak tasarrufu sa\u011flayan teknolojilere ve s\u00fcrd\u00fcr\u00fclebilir s\u00fcre\u00e7lere g\u00fcveniyoruz: <\/p>\n<ul>\n<li>\n<p class=\"p1\">Is\u0131, kojenerasyonlu bir kombine \u0131s\u0131 ve enerji santrali taraf\u0131ndan sa\u011flanmaktad\u0131r.<\/p>\n<\/li>\n<li>\n<p class=\"p1\">Elektrik ihtiyac\u0131m\u0131z\u0131n b\u00fcy\u00fck bir k\u0131sm\u0131 kendi fotovoltaik sistemimiz taraf\u0131ndan kar\u015f\u0131lanmaktad\u0131r.<\/p>\n<\/li>\n<li>\n<p class=\"p1\">Su ar\u0131t\u0131m\u0131 i\u00e7in enerji tasarruflu geri kazan\u0131m sistemlerine g\u00fcveniyoruz.<\/p>\n<\/li>\n<li>\n<p class=\"p1\">Su, kimyasal ve elektrik t\u00fcketimini azaltmak i\u00e7in modern filtre ve pompa teknolojisi kullan\u0131yoruz.<\/p>\n<\/li>\n<\/ul>\n<p class=\"p2\">\n<p class=\"p3\">Amac\u0131m\u0131z ekolojik a\u00e7\u0131dan sorumlu bir \u015fekilde hareket etmek ve ayn\u0131 zamanda misafirlerimiz i\u00e7in \u00e7ok y\u00f6nl\u00fc g\u00fcvenli, temiz ve ho\u015f bir deneyim yaratmakt\u0131r.<\/p>\n<p>[\/et_pb_text][\/et_pb_column][et_pb_column type=&#8221;1_2&#8243; _builder_version=&#8221;4.27.4&#8243; _module_preset=&#8221;default&#8221; global_colors_info=&#8221;{}&#8221;][dipi_image_gallery _builder_version=&#8221;4.27.4&#8243; _module_preset=&#8221;default&#8221; global_colors_info=&#8221;{}&#8221;][dipi_image_gallery_child item_image=&#8221;https:\/\/www.aquamagis.de\/wp-content\/uploads\/2025\/03\/aquamagis-plettenberg-schwimmbad-parken-2-1.jpg&#8221; _builder_version=&#8221;4.27.4&#8243; _module_preset=&#8221;default&#8221; global_colors_info=&#8221;{}&#8221;][\/dipi_image_gallery_child][dipi_image_gallery_child item_image=&#8221;https:\/\/www.aquamagis.de\/wp-content\/uploads\/2025\/03\/aquamagis-plettenberg-schwimmbad-spassbad-parken-1.jpg&#8221; _builder_version=&#8221;4.27.4&#8243; _module_preset=&#8221;default&#8221; global_colors_info=&#8221;{}&#8221;][\/dipi_image_gallery_child][dipi_image_gallery_child item_image=&#8221;https:\/\/www.aquamagis.de\/wp-content\/uploads\/2025\/03\/aquamagis-plettenberg-schwimmbad-parken-4.jpg&#8221; _builder_version=&#8221;4.27.4&#8243; _module_preset=&#8221;default&#8221; global_colors_info=&#8221;{}&#8221;][\/dipi_image_gallery_child][dipi_image_gallery_child item_image=&#8221;https:\/\/www.aquamagis.de\/wp-content\/uploads\/2025\/03\/aquamagis-plettenberg-schwimmbad-parken-3-scaled.jpg&#8221; _builder_version=&#8221;4.27.4&#8243; _module_preset=&#8221;default&#8221; global_colors_info=&#8221;{}&#8221;][\/dipi_image_gallery_child][\/dipi_image_gallery][\/et_pb_column][\/et_pb_row][\/et_pb_section][et_pb_section fb_built=&#8221;1&#8243; module_id=&#8221;bas\u0131n&#8221; _builder_version=&#8221;4.27.4&#8243; _module_preset=&#8221;default&#8221; background_enable_color=&#8221;off&#8221; da_disable_devices=&#8221;off|off|off&#8221; global_colors_info=&#8221;{}&#8221; da_is_popup=&#8221;off&#8221; da_exit_intent=&#8221;off&#8221; da_has_close=&#8221;on&#8221; da_alt_close=&#8221;off&#8221; da_dark_close=&#8221;off&#8221; da_not_modal=&#8221;on&#8221; da_is_singular=&#8221;off&#8221; da_with_loader=&#8221;off&#8221; da_has_shadow=&#8221;on&#8221;][et_pb_row _builder_version=&#8221;4.27.4&#8243; _module_preset=&#8221;default&#8221; global_colors_info=&#8221;{}&#8221;][et_pb_column type=&#8221;4_4&#8243; _builder_version=&#8221;4.27.4&#8243; _module_preset=&#8221;default&#8221; global_colors_info=&#8221;{}&#8221;][et_pb_text _builder_version=&#8221;4.27.6&#8243; _module_preset=&#8221;default&#8221; text_text_color=&#8221;#000000&#8243; header_2_text_color=&#8221;#183647&#8243; header_3_font_size=&#8221;30px&#8221; global_colors_info=&#8221;{}&#8221;]<\/p>\n<h2>Bas\u0131n<\/h2>\n<p class=\"p1\">Yeni slaytlar, heyecan verici etkinlikler veya havuzdan arka plan hikayeleri - gazeteciler bas\u0131n alan\u0131nda en son bas\u0131n b\u00fcltenlerini, g\u00f6rsel materyalleri ve medya sorular\u0131 i\u00e7in ileti\u015fim bilgilerini bulabilirler.<\/p>\n<h3 class=\"p3\"><b>Bir medya temsilcisi misiniz ve AquaMagis hakk\u0131nda haber yapmak m\u0131 istiyorsunuz?<\/b><b><\/b><\/h3>\n<p class=\"p1\"><a href=\"https:\/\/freiwerk.de\">Bas\u0131n ve pazarlama ajans\u0131m\u0131z freiwerk\u00ae<\/a> size yard\u0131mc\u0131 olmaktan mutluluk duyacakt\u0131r:<\/p>\n<p class=\"p1\">E-posta: <a href=\"mailto:presse.aquamagis@freiwerk.de\">presse.aquamagis@freiwerk.de<\/a> <br \/>Telefonla: +49 2392 80 78 77 5<\/p>\n<p class=\"p2\">\u0130rtibat ki\u015finiz Maik Wiesegart \u00e7al\u0131\u015fmalar\u0131n\u0131zda size destek olmaktan mutluluk duyacakt\u0131r.<\/p>\n<p class=\"p1\">Daha fazla bilgi ve g\u00fcncel bas\u0131n materyalleri talep \u00fczerine veya yak\u0131nda do\u011frudan indirme alan\u0131nda mevcut olacakt\u0131r.<\/p>\n<p>[\/et_pb_text][\/et_pb_column][\/et_pb_row][\/et_pb_section]<\/p>\n","protected":false},"excerpt":{"rendered":"<p>AquaMagis Hakk\u0131nda T\u00fcm duyular i\u00e7in bir deneyim Sauerland&#8217;\u0131n kalbinde su e\u011flencesi, rahatlama ve macera. AquaMagis 20 y\u0131l\u0131 a\u015fk\u0131n bir s\u00fcredir yak\u0131n ve uzak b\u00f6lgelerden gelen konuklar\u0131n\u0131 memnun etmekte ve s\u00fcrekli geli\u015fmektedir. <div class=\"et_pb_module dipi_button_grid dipi_button_grid_0\">\n\t\t\t\t\n\t\t\t\t\n\t\t\t\t\n\t\t\t\t\n\t\t\t\t\n\t\t\t\t\n\t\t\t\t<div class=\"et_pb_module_inner\">\n\t\t\t\t\t<div class=\"dipi-button-grid-container\">\n                \n            <\/div>\n\t\t\t\t<\/div>\n\t\t\t<\/div><\/p>\n","protected":false},"author":1,"featured_media":0,"parent":0,"menu_order":0,"comment_status":"closed","ping_status":"closed","template":"","meta":{"_acf_changed":false,"_et_pb_use_builder":"on","_et_pb_old_content":"","_et_gb_content_width":"","footnotes":""},"class_list":["post-5281","page","type-page","status-publish","hentry"],"acf":[],"publishpress_future_action":{"enabled":false,"date":"2026-05-16 16:12:06","action":"change-status","newStatus":"draft","terms":[],"taxonomy":"translation_priority","extraData":[]},"publishpress_future_workflow_manual_trigger":{"enabledWorkflows":[]},"_links":{"self":[{"href":"https:\/\/www.aquamagis.de\/tr\/wp-json\/wp\/v2\/pages\/5281","targetHints":{"allow":["GET"]}}],"collection":[{"href":"https:\/\/www.aquamagis.de\/tr\/wp-json\/wp\/v2\/pages"}],"about":[{"href":"https:\/\/www.aquamagis.de\/tr\/wp-json\/wp\/v2\/types\/page"}],"author":[{"embeddable":true,"href":"https:\/\/www.aquamagis.de\/tr\/wp-json\/wp\/v2\/users\/1"}],"replies":[{"embeddable":true,"href":"https:\/\/www.aquamagis.de\/tr\/wp-json\/wp\/v2\/comments?post=5281"}],"version-history":[{"count":5,"href":"https:\/\/www.aquamagis.de\/tr\/wp-json\/wp\/v2\/pages\/5281\/revisions"}],"predecessor-version":[{"id":9440,"href":"https:\/\/www.aquamagis.de\/tr\/wp-json\/wp\/v2\/pages\/5281\/revisions\/9440"}],"wp:attachment":[{"href":"https:\/\/www.aquamagis.de\/tr\/wp-json\/wp\/v2\/media?parent=5281"}],"curies":[{"name":"wp","href":"https:\/\/api.w.org\/{rel}","templated":true}]}}