{"id":5280,"date":"2025-04-24T11:30:31","date_gmt":"2025-04-24T09:30:31","guid":{"rendered":"https:\/\/www.aquamagis.de\/grup-teklifleri\/"},"modified":"2026-02-13T17:11:59","modified_gmt":"2026-02-13T16:11:59","slug":"grup-teklifleri","status":"publish","type":"page","link":"https:\/\/www.aquamagis.de\/tr\/grup-teklifleri\/","title":{"rendered":"Grup teklifleri"},"content":{"rendered":"<p>[et_pb_section fb_built=&#8221;1&#8243; custom_padding_last_edited=&#8221;on|desktop&#8221; module_class=&#8221;custom-mask-1&#8243; _builder_version=&#8221;4.27.4&#8243; _module_preset=&#8221;default&#8221; use_background_color_gradient=&#8221;on&#8221; background_color_gradient_direction=&#8221;90deg&#8221; background_color_gradient_stops=&#8221;#183647 30%|rgba(255,255,255,0) 100%&#8221; background_image=&#8221;https:\/\/www.aquamagis.de\/wp-content\/uploads\/2025\/03\/aquamagis-desktop2.jpg&#8221; background_blend=&#8221;multiply&#8221; min_height_tablet=&#8221;&#8221; min_height_phone=&#8221;&#8221; min_height_last_edited=&#8221;on|phone&#8221; custom_padding=&#8221;6vh||0px||false|false&#8221; custom_padding_tablet=&#8221;0vh||0vh||true|false&#8221; custom_padding_phone=&#8221;0vh||0vh||true|false&#8221; da_disable_devices=&#8221;off|off|off&#8221; locked=&#8221;off&#8221; global_colors_info=&#8221;{}&#8221; da_is_popup=&#8221;off&#8221; da_exit_intent=&#8221;off&#8221; da_has_close=&#8221;on&#8221; da_alt_close=&#8221;off&#8221; da_dark_close=&#8221;off&#8221; da_not_modal=&#8221;on&#8221; da_is_singular=&#8221;off&#8221; da_with_loader=&#8221;off&#8221; da_has_shadow=&#8221;on&#8221;][et_pb_row column_structure=&#8221;2_3,1_3&#8243; make_equal=&#8221;on&#8221; custom_padding_last_edited=&#8221;on|phone&#8221; _builder_version=&#8221;4.27.4&#8243; _module_preset=&#8221;default&#8221; custom_padding=&#8221;||0.8%||false|false&#8221; custom_padding_tablet=&#8221;||3%||false|false&#8221; custom_padding_phone=&#8221;||2.5%||false|false&#8221; global_colors_info=&#8221;{}&#8221;][et_pb_column type=&#8221;2_3&#8243; _builder_version=&#8221;4.27.4&#8243; _module_preset=&#8221;default&#8221; global_colors_info=&#8221;{}&#8221;][et_pb_text _builder_version=&#8221;4.27.4&#8243; _module_preset=&#8221;default&#8221; text_text_color=&#8221;#FFFFFF&#8221; text_font_size=&#8221;1.2em&#8221; text_line_height=&#8221;1.3em&#8221; header_font=&#8221;-et_global_heading_font|800|||||||&#8221; header_text_color=&#8221;#FFFFFF&#8221; header_2_text_color=&#8221;#FFFFFF&#8221; header_4_text_color=&#8221;#FFFFFF&#8221; max_width_last_edited=&#8221;off|phone&#8221; text_font_size_tablet=&#8221;1.1em&#8221; text_font_size_phone=&#8221;1em&#8221; text_font_size_last_edited=&#8221;off|desktop&#8221; global_colors_info=&#8221;{}&#8221;]<\/p>\n<h4 class=\"p1\"><b>Birlikte daha fazlas\u0131n\u0131 deneyimleyin<\/b><\/h4>\n<h1 class=\"p1\"><b>AquaMagis&#8217;te grup teklifleri<\/b><\/h1>\n<p class=\"p1\">\u0130ster bir okul s\u0131n\u0131f\u0131, ister kul\u00fcp veya i\u015f arkada\u015f\u0131 olun - AquaMagis&#8217;te birlikte ge\u00e7irece\u011finiz g\u00fcn bir deneyim olacak! Karayip d\u00fcnyam\u0131zda bol bol su e\u011flencesi, aksiyon dolu kayd\u0131raklar ve dinlendirici anlar i\u00e7in sab\u0131rs\u0131zlan\u0131yoruz. Grup tekliflerimiz ziyaretinizi ger\u00e7ek bir vurgu haline getirecek - 20 veya daha fazla gruplar i\u00e7in \u00f6zel fiyat!  <\/p>\n<p>[\/et_pb_text][dipi_button_grid flex_direction=&#8221;row&#8221; justify_content=&#8221;flex-start&#8221; _builder_version=&#8221;4.27.4&#8243; _module_preset=&#8221;default&#8221; custom_button_grid=&#8221;on&#8221; button_grid_text_size=&#8221;20px&#8221; button_grid_border_width=&#8221;0px&#8221; button_grid_border_radius=&#8221;25px&#8221; button_grid_font=&#8221;|600||on|||||&#8221; button_grid_text_size_tablet=&#8221;20px&#8221; button_grid_text_size_phone=&#8221;16px&#8221; button_grid_text_size_last_edited=&#8221;on|phone&#8221; box_shadow_style_button_grid=&#8221;preset1&#8243; box_shadow_vertical_button_grid=&#8221;0px&#8221; box_shadow_blur_button_grid=&#8221;25px&#8221; box_shadow_color_button_grid=&#8221;rgba(255,255,255,0.7)&#8221; global_colors_info=&#8221;{}&#8221; transform_styles__hover_enabled=&#8221;on|hover&#8221; transform_scale__hover_enabled=&#8221;on|hover&#8221; transform_translate__hover_enabled=&#8221;on|desktop&#8221; transform_rotate__hover_enabled=&#8221;on|desktop&#8221; transform_skew__hover_enabled=&#8221;on|desktop&#8221; transform_origin__hover_enabled=&#8221;on|desktop&#8221;][dipi_button_grid_child button_id=&#8221;Mehr erfahren&#8221; button_type=&#8221;dp_button&#8221; button_text=&#8221;Daha fazla bilgi edinin&#8221; button_link=&#8221;#mehr&#8221; button_link_target=&#8221;off&#8221; _builder_version=&#8221;4.27.4&#8243; _module_preset=&#8221;default&#8221; custom_button=&#8221;on&#8221; button_text_color=&#8221;#FFFFFF&#8221; button_bg_color=&#8221;#183647&#8243; global_colors_info=&#8221;{}&#8221; transform_styles__hover_enabled=&#8221;on|hover&#8221; transform_scale__hover_enabled=&#8221;on|hover&#8221; transform_translate__hover_enabled=&#8221;on|desktop&#8221; transform_rotate__hover_enabled=&#8221;on|desktop&#8221; transform_skew__hover_enabled=&#8221;on|desktop&#8221; transform_origin__hover_enabled=&#8221;on|desktop&#8221; transform_scale__hover=&#8221;105%|105%&#8221; custom_css_button_type_last_edited=&#8221;on|phone&#8221; custom_css_button_type_phone=&#8221;width: 300px !important;||text-align: center !important;&#8221;][\/dipi_button_grid_child][dipi_button_grid_child button_id=&#8221;Jetzt buchen&#8221; button_type=&#8221;dp_button&#8221; button_text=&#8221;\u015eimdi rezervasyon yapt\u0131r\u0131n&#8221; button_link=&#8221;#buchen&#8221; button_link_target=&#8221;off&#8221; _builder_version=&#8221;4.27.4&#8243; _module_preset=&#8221;default&#8221; custom_button=&#8221;on&#8221; button_text_color=&#8221;#000000&#8243; button_bg_color=&#8221;#FBBA00&#8243; global_colors_info=&#8221;{}&#8221; transform_styles__hover_enabled=&#8221;on|hover&#8221; transform_scale__hover_enabled=&#8221;on|hover&#8221; transform_translate__hover_enabled=&#8221;on|desktop&#8221; transform_rotate__hover_enabled=&#8221;on|desktop&#8221; transform_skew__hover_enabled=&#8221;on|desktop&#8221; transform_origin__hover_enabled=&#8221;on|desktop&#8221; transform_scale__hover=&#8221;105%|105%&#8221; custom_css_button_type_last_edited=&#8221;on|phone&#8221; custom_css_button_type_phone=&#8221;width: 300px !important;||text-align: center !important;&#8221;][\/dipi_button_grid_child][\/dipi_button_grid][\/et_pb_column][et_pb_column type=&#8221;1_3&#8243; _builder_version=&#8221;4.27.4&#8243; _module_preset=&#8221;default&#8221; custom_css_main_element=&#8221;  display: flex;  ||  flex-direction: column;  ||  justify-content: center; ||&#8221; global_colors_info=&#8221;{}&#8221;][et_pb_cta button_url=&#8221;@ET-DC@eyJkeW5hbWljIjp0cnVlLCJjb250ZW50IjoicG9zdF9saW5rX3VybF9wYWdlIiwic2V0dGluZ3MiOnsicG9zdF9pZCI6IjQ2NTEifX0=@&#8221; button_text=&#8221;Daha fazla bilgi edinin&#8221; _builder_version=&#8221;4.27.4&#8243; _dynamic_attributes=&#8221;button_url&#8221; _module_preset=&#8221;default&#8221; body_font=&#8221;|700||on|||||&#8221; body_font_size=&#8221;1.2em&#8221; custom_button=&#8221;on&#8221; button_text_size=&#8221;18px&#8221; button_text_color=&#8221;#000000&#8243; button_bg_color=&#8221;#FBBA00&#8243; button_border_width=&#8221;0px&#8221; button_border_color=&#8221;RGBA(255,255,255,0)&#8221; button_border_radius=&#8221;30px&#8221; button_font=&#8221;|700||on|||||&#8221; button_use_icon=&#8221;off&#8221; animation_style=&#8221;bounce&#8221; border_radii=&#8221;on|20px|20px|20px|20px&#8221; box_shadow_style=&#8221;preset3&#8243; box_shadow_blur=&#8221;36px&#8221; box_shadow_spread=&#8221;-10px&#8221; box_shadow_color=&#8221;#FFFFFF&#8221; box_shadow_style_button=&#8221;preset3&#8243; box_shadow_blur_button=&#8221;24px&#8221; box_shadow_spread_button=&#8221;-13px&#8221; box_shadow_color_button=&#8221;#ffffff&#8221; locked=&#8221;off&#8221; global_colors_info=&#8221;{}&#8221;]<\/p>\n<p>YEN\u0130: E\u011fitim kamp\u0131 ve AquaMagis&#8217;e tak\u0131m gezisi<\/p>\n<p>[\/et_pb_cta][et_pb_cta button_url=&#8221;@ET-DC@eyJkeW5hbWljIjp0cnVlLCJjb250ZW50IjoicG9zdF9saW5rX3VybF9wYWdlIiwic2V0dGluZ3MiOnsicG9zdF9pZCI6Ijc2NTgifX0=@&#8221; button_text=&#8221;Daha fazla bilgi edinin&#8221; _builder_version=&#8221;4.27.4&#8243; _dynamic_attributes=&#8221;button_url&#8221; _module_preset=&#8221;default&#8221; body_font=&#8221;|700||on|||||&#8221; body_font_size=&#8221;1.2em&#8221; background_color=&#8221;#4C8AA3&#8243; background_enable_pattern_style=&#8221;on&#8221; background_pattern_style=&#8221;confetti&#8221; background_pattern_color=&#8221;rgba(255,255,255,0.21)&#8221; custom_button=&#8221;on&#8221; button_text_size=&#8221;18px&#8221; button_text_color=&#8221;#000000&#8243; button_bg_color=&#8221;#FBBA00&#8243; button_border_width=&#8221;0px&#8221; button_border_color=&#8221;RGBA(255,255,255,0)&#8221; button_border_radius=&#8221;30px&#8221; button_font=&#8221;|700||on|||||&#8221; button_use_icon=&#8221;off&#8221; animation_style=&#8221;bounce&#8221; border_radii=&#8221;on|20px|20px|20px|20px&#8221; box_shadow_style=&#8221;preset3&#8243; box_shadow_blur=&#8221;36px&#8221; box_shadow_spread=&#8221;-10px&#8221; box_shadow_color=&#8221;#FFFFFF&#8221; box_shadow_style_button=&#8221;preset3&#8243; box_shadow_blur_button=&#8221;24px&#8221; box_shadow_spread_button=&#8221;-13px&#8221; box_shadow_color_button=&#8221;#ffffff&#8221; locked=&#8221;off&#8221; global_colors_info=&#8221;{}&#8221;]<\/p>\n<p>YEN\u0130: \u00c7ocuklar\u0131n do\u011fum g\u00fcn\u00fc partilerini AquaMagis&#8217;te kutlay\u0131n<\/p>\n<p>[\/et_pb_cta][\/et_pb_column][\/et_pb_row][et_pb_row _builder_version=&#8221;4.27.4&#8243; _module_preset=&#8221;default&#8221; width=&#8221;100%&#8221; max_width=&#8221;100%&#8221; custom_margin=&#8221;0px|0px|0px|0px|false|false&#8221; custom_padding=&#8221;0px|0px|0px|0px|false|false&#8221; locked=&#8221;off&#8221; global_colors_info=&#8221;{}&#8221;][et_pb_column type=&#8221;4_4&#8243; _builder_version=&#8221;4.27.4&#8243; _module_preset=&#8221;default&#8221; global_colors_info=&#8221;{}&#8221;][et_pb_image src=&#8221;https:\/\/www.aquamagis.de\/wp-content\/uploads\/2025\/03\/Welle_AquaMagis.svg&#8221; _builder_version=&#8221;4.27.4&#8243; _module_preset=&#8221;default&#8221; global_colors_info=&#8221;{}&#8221;][\/et_pb_image][\/et_pb_column][\/et_pb_row][\/et_pb_section][et_pb_section fb_built=&#8221;1&#8243; module_id=&#8221;daha fazla&#8221; _builder_version=&#8221;4.27.4&#8243; _module_preset=&#8221;default&#8221; background_enable_color=&#8221;off&#8221; custom_padding=&#8221;50px||50px||true|&#8221; top_divider_style=&#8221;wave&#8221; top_divider_color=&#8221;#183647&#8243; top_divider_height=&#8221;50px&#8221; da_disable_devices=&#8221;off|off|off&#8221; locked=&#8221;off&#8221; global_colors_info=&#8221;{}&#8221; da_is_popup=&#8221;off&#8221; da_exit_intent=&#8221;off&#8221; da_has_close=&#8221;on&#8221; da_alt_close=&#8221;off&#8221; da_dark_close=&#8221;off&#8221; da_not_modal=&#8221;on&#8221; da_is_singular=&#8221;off&#8221; da_with_loader=&#8221;off&#8221; da_has_shadow=&#8221;on&#8221;][et_pb_row column_structure=&#8221;3_5,2_5&#8243; use_custom_gutter=&#8221;on&#8221; gutter_width=&#8221;2&#8243; make_equal=&#8221;on&#8221; _builder_version=&#8221;4.27.4&#8243; _module_preset=&#8221;default&#8221; custom_padding=&#8221;50px||50px|||&#8221; global_colors_info=&#8221;{}&#8221;][et_pb_column type=&#8221;3_5&#8243; _builder_version=&#8221;4.27.4&#8243; _module_preset=&#8221;default&#8221; global_colors_info=&#8221;{}&#8221;][et_pb_text ul_item_indent=&#8221;30px&#8221; _builder_version=&#8221;4.27.4&#8243; _module_preset=&#8221;default&#8221; custom_margin=&#8221;||-2px|||&#8221; locked=&#8221;off&#8221; global_colors_info=&#8221;{}&#8221;]<\/p>\n<h2 class=\"p1\"><b>Bir bak\u0131\u015fta grup tarifeleri<\/b><b><\/b><\/h2>\n<ul>\n<li class=\"p2\"><span class=\"s1\"><b>Minimum grup b\u00fcy\u00fckl\u00fc\u011f\u00fc:<\/b><\/span> 20 \u00f6deme yapan ki\u015fi  <span class=\"s2\"><\/span><\/li>\n<li class=\"p3\"><b>Ki\u015fi ba\u015f\u0131 fiyat:<\/b><span class=\"s3\"> 20,00 \u20ac (g\u00fcnl\u00fck bilet)<\/span><\/li>\n<li class=\"p2\"><span class=\"s1\"><b>\u00dccretsiz giri\u015f:<\/b><\/span> \u00d6deme yapan her 20 ki\u015fi i\u00e7in bir refakat\u00e7i \u00fccretsiz giri\u015f hakk\u0131 kazan\u0131r (\u00f6rn. 40 ki\u015fi = 2 \u00fccretsiz bilet)<\/li>\n<li class=\"p2\"><span class=\"s1\"><b>Ge\u00e7erlilik:<\/b><\/span> Sadece ziyaret tarihinden en az 1 g\u00fcn \u00f6nce \u00f6n rezervasyon yap\u0131lm\u0131\u015fsa<\/li>\n<li class=\"p2\"><span class=\"s1\"><b>Not<\/b><\/span> \u00d6zel grup fiyat\u0131, kasada \u00f6nceden kay\u0131t yapt\u0131r\u0131lmadan verilemez<\/li>\n<\/ul>\n<p>&nbsp;<\/p>\n<p>[\/et_pb_text][dipi_button_grid flex_direction=&#8221;row&#8221; justify_content=&#8221;flex-start&#8221; _builder_version=&#8221;4.27.4&#8243; _module_preset=&#8221;default&#8221; custom_button_grid=&#8221;on&#8221; button_grid_text_size=&#8221;20px&#8221; button_grid_border_width=&#8221;0px&#8221; button_grid_border_radius=&#8221;25px&#8221; button_grid_font=&#8221;|600||on|||||&#8221; custom_margin=&#8221;||35px|||&#8221; button_grid_text_size_tablet=&#8221;20px&#8221; button_grid_text_size_phone=&#8221;16px&#8221; button_grid_text_size_last_edited=&#8221;on|phone&#8221; box_shadow_style_button_grid=&#8221;preset1&#8243; box_shadow_vertical_button_grid=&#8221;0px&#8221; box_shadow_blur_button_grid=&#8221;25px&#8221; box_shadow_color_button_grid=&#8221;rgba(255,255,255,0.7)&#8221; global_colors_info=&#8221;{}&#8221; transform_styles__hover_enabled=&#8221;on|hover&#8221; transform_scale__hover_enabled=&#8221;on|hover&#8221; transform_translate__hover_enabled=&#8221;on|desktop&#8221; transform_rotate__hover_enabled=&#8221;on|desktop&#8221; transform_skew__hover_enabled=&#8221;on|desktop&#8221; transform_origin__hover_enabled=&#8221;on|desktop&#8221;][dipi_button_grid_child button_id=&#8221;Jetzt buchen&#8221; button_type=&#8221;dp_button&#8221; button_text=&#8221;\u015eimdi rezervasyon yapt\u0131r\u0131n&#8221; button_link=&#8221;#buchen&#8221; button_link_target=&#8221;off&#8221; _builder_version=&#8221;4.27.4&#8243; _module_preset=&#8221;default&#8221; custom_button=&#8221;on&#8221; button_text_color=&#8221;#000000&#8243; button_bg_color=&#8221;#FBBA00&#8243; global_colors_info=&#8221;{}&#8221; transform_styles__hover_enabled=&#8221;on|hover&#8221; transform_scale__hover_enabled=&#8221;on|hover&#8221; transform_translate__hover_enabled=&#8221;on|desktop&#8221; transform_rotate__hover_enabled=&#8221;on|desktop&#8221; transform_skew__hover_enabled=&#8221;on|desktop&#8221; transform_origin__hover_enabled=&#8221;on|desktop&#8221; transform_scale__hover=&#8221;105%|105%&#8221; custom_css_button_type_last_edited=&#8221;on|phone&#8221; custom_css_button_type_phone=&#8221;width: 300px !important;||text-align: center !important;&#8221;][\/dipi_button_grid_child][\/dipi_button_grid][et_pb_text ul_item_indent=&#8221;30px&#8221; _builder_version=&#8221;4.27.5&#8243; _module_preset=&#8221;default&#8221; header_3_font_size=&#8221;30px&#8221; custom_margin=&#8221;||-2px|||&#8221; locked=&#8221;off&#8221; global_colors_info=&#8221;{}&#8221;]<\/p>\n<h3>Biraz daha ister misiniz?<\/h3>\n<p>&#8220;Biraz daha fazla AquaMagis deneyimi&#8221; ister misiniz? O halde <a href=\"https:\/\/www.aquamagis.de\/tr\/geceleme\/\">AquaMagis Resort&#8217;taki konaklama teklifimize<\/a> bir g\u00f6z at\u0131n! \u00d6rne\u011fin, <a href=\"https:\/\/www.aquamagis.de\/tr\/ana-kamp\/\">kabanalar\u0131m\u0131z - gruplar, kul\u00fcpler veya okul s\u0131n\u0131flar\u0131 i\u00e7in idealdir<\/a>.[\/et_pb_text][\/et_pb_column][et_pb_column type=&#8221;2_5&#8243; _builder_version=&#8221;4.27.4&#8243; _module_preset=&#8221;default&#8221; background_enable_color=&#8221;off&#8221; global_colors_info=&#8221;{}&#8221;][et_pb_image src=&#8221;https:\/\/www.aquamagis.de\/wp-content\/uploads\/2025\/03\/aquamagis-plettenberg-schwimmbad-spassbad-rutschen-becken-wellenbad-1.jpg&#8221; title_text=&#8221;AquaMagis Plettenberg macera havuzu&#8221; _builder_version=&#8221;4.27.4&#8243; _module_preset=&#8221;default&#8221; global_colors_info=&#8221;{}&#8221;][\/et_pb_image][\/et_pb_column][\/et_pb_row][et_pb_row column_structure=&#8221;2_5,3_5&#8243; use_custom_gutter=&#8221;on&#8221; gutter_width=&#8221;2&#8243; make_equal=&#8221;on&#8221; _builder_version=&#8221;4.27.4&#8243; _module_preset=&#8221;default&#8221; custom_padding=&#8221;50px||50px|||&#8221; global_colors_info=&#8221;{}&#8221;][et_pb_column type=&#8221;2_5&#8243; _builder_version=&#8221;4.27.4&#8243; _module_preset=&#8221;default&#8221; global_colors_info=&#8221;{}&#8221;][et_pb_image src=&#8221;https:\/\/www.aquamagis.de\/wp-content\/uploads\/2025\/03\/aquamagis-desktop1.jpg&#8221; title_text=&#8221;aquamagis-desktop1&#8243; _builder_version=&#8221;4.27.4&#8243; _module_preset=&#8221;default&#8221; global_colors_info=&#8221;{}&#8221;][\/et_pb_image][\/et_pb_column][et_pb_column type=&#8221;3_5&#8243; _builder_version=&#8221;4.27.4&#8243; _module_preset=&#8221;default&#8221; background_enable_color=&#8221;off&#8221; global_colors_info=&#8221;{}&#8221;][et_pb_text ul_item_indent=&#8221;30px&#8221; _builder_version=&#8221;4.27.4&#8243; _module_preset=&#8221;default&#8221; custom_margin=&#8221;||-2px|||&#8221; locked=&#8221;off&#8221; global_colors_info=&#8221;{}&#8221;]<\/p>\n<h2 class=\"p1\"><b>Grup ziyaretiniz i\u00e7in nas\u0131l rezervasyon yapt\u0131rabilirsiniz?<\/b><b><\/b><\/h2>\n<p class=\"p3\">L\u00fctfen grubunuzu istedi\u011finiz ziyaret tarihinden en az bir g\u00fcn \u00f6nce rezerve edin.<br \/>L\u00fctfen <strong><a href=\"#buchung\">rezervasyon formu<\/a><\/strong> burada sayfada.<\/p>\n<p class=\"p4\"><b>Grup rezervasyonlar\u0131 i\u00e7in ileti\u015fime ge\u00e7in:<\/b><b><\/b><\/p>\n<ul>\n<li class=\"p5\"><span class=\"Apple-tab-span\"><strong>Taraf\u0131ndan<\/strong> <\/span><span class=\"s1\"><b>E-Posta (Pazartesi-Cuma saat 8-13 aras\u0131):<\/b><\/span> <a href=\"mailto:gruppen@aquamagis.de\">gruppen@aquamagis.de<\/a><\/li>\n<\/ul>\n<p class=\"p3\"><em>\u00d6deme tercihen AquaMagis&#8217;teki gi\u015fede kredi kart\u0131 veya EC kart\u0131 ile yap\u0131labilir.<\/em><\/p>\n<p>[\/et_pb_text][\/et_pb_column][\/et_pb_row][\/et_pb_section][et_pb_section fb_built=&#8221;1&#8243; module_id=&#8221;a\u00e7\u0131k tuzlu su havuzu&#8221; _builder_version=&#8221;4.27.4&#8243; _module_preset=&#8221;default&#8221; background_enable_color=&#8221;off&#8221; custom_padding=&#8221;50px||50px||true|&#8221; da_disable_devices=&#8221;off|off|off&#8221; locked=&#8221;off&#8221; global_colors_info=&#8221;{}&#8221; da_is_popup=&#8221;off&#8221; da_exit_intent=&#8221;off&#8221; da_has_close=&#8221;on&#8221; da_alt_close=&#8221;off&#8221; da_dark_close=&#8221;off&#8221; da_not_modal=&#8221;on&#8221; da_is_singular=&#8221;off&#8221; da_with_loader=&#8221;off&#8221; da_has_shadow=&#8221;on&#8221;][et_pb_row column_structure=&#8221;1_5,3_5,1_5&#8243; use_custom_gutter=&#8221;on&#8221; gutter_width=&#8221;2&#8243; make_equal=&#8221;on&#8221; module_id=&#8221;buchen&#8221; _builder_version=&#8221;4.27.4&#8243; _module_preset=&#8221;default&#8221; custom_padding=&#8221;3px|||||&#8221; global_colors_info=&#8221;{}&#8221;][et_pb_column type=&#8221;1_5&#8243; _builder_version=&#8221;4.27.4&#8243; _module_preset=&#8221;default&#8221; global_colors_info=&#8221;{}&#8221;][\/et_pb_column][et_pb_column type=&#8221;3_5&#8243; _builder_version=&#8221;4.27.4&#8243; _module_preset=&#8221;default&#8221; background_enable_color=&#8221;off&#8221; global_colors_info=&#8221;{}&#8221;][et_pb_text ul_item_indent=&#8221;30px&#8221; module_id=&#8221;buchung&#8221; _builder_version=&#8221;4.27.4&#8243; _module_preset=&#8221;default&#8221; header_3_text_align=&#8221;center&#8221; custom_margin=&#8221;||-2px|||&#8221; locked=&#8221;off&#8221; global_colors_info=&#8221;{}&#8221;]<\/p>\n<h3 class=\"p1\"><b>Grup ziyareti i\u00e7in \u015fimdi rezervasyon yapt\u0131r\u0131n<\/b><\/h3>\n<p>[\/et_pb_text][dipi_gravity_forms_styler gf_form_id=&#8221;9&#8243; form_title=&#8221;hide&#8221; form_desc=&#8221;hide&#8221; use_ajax=&#8221;on&#8221; progress_bar_bg_color=&#8221;rgba(76,138,163,0.21)&#8221; progress_bar_active_bg_color=&#8221;#4C8AA3&#8243; progress_bar_label_bg_color=&#8221;#000000&#8243; input_field_padding=&#8221;3px||3px||true|false&#8221; input_field_bg_color=&#8221;#FFFFFF&#8221; textarea_field_bg_color=&#8221;#FFFFFF&#8221; select_field_bg_color=&#8221;#FFFFFF&#8221; select_option_bg_color=&#8221;#E7E7E1&#8243; checkbox_radio_container_padding=&#8221;||||false|false&#8221; _builder_version=&#8221;4.27.4&#8243; _module_preset=&#8221;default&#8221; progressbar_label_font=&#8221;||||||||&#8221; progressbar_label_font_size=&#8221;1px&#8221; field_label_text_color=&#8221;#000000&#8243; field_label_font_size=&#8221;18px&#8221; field_label_line_height=&#8221;1.2em&#8221; required_field_indicator_font_size=&#8221;18px&#8221; field_description_text_color=&#8221;#000000&#8243; field_description_font_size=&#8221;16px&#8221; input_field_text_color=&#8221;#000000&#8243; input_field_font_size=&#8221;18px&#8221; input_field_line_height=&#8221;1.8em&#8221; input_field_focus_text_color=&#8221;#000000&#8243; textarea_field_font_size=&#8221;18px&#8221; textarea_field_line_height=&#8221;1.7em&#8221; select_field_text_color=&#8221;#000000&#8243; select_field_font_size=&#8221;18px&#8221; select_field_line_height=&#8221;2em&#8221; select_dropdown_field_font_size=&#8221;22px&#8221; select_dropdown_field_line_height=&#8221;1.9em&#8221; checkbox_radio_label_font_size=&#8221;18px&#8221; checkbox_radio_label_line_height=&#8221;1.1em&#8221; custom_all=&#8221;on&#8221; all_use_icon=&#8221;off&#8221; custom_submit=&#8221;on&#8221; submit_text_size=&#8221;22px&#8221; submit_text_color=&#8221;#FFFFFF&#8221; submit_bg_color=&#8221;#183647&#8243; submit_border_width=&#8221;0px&#8221; submit_border_radius=&#8221;25px&#8221; submit_font=&#8221;|600||on|||||&#8221; submit_use_icon=&#8221;off&#8221; custom_prev=&#8221;on&#8221; prev_text_size=&#8221;18px&#8221; prev_text_color=&#8221;#FFFFFF&#8221; prev_bg_color=&#8221;#183647&#8243; prev_border_width=&#8221;0px&#8221; prev_border_radius=&#8221;5px&#8221; prev_font=&#8221;|600||on|||||&#8221; prev_use_icon=&#8221;off&#8221; prev_custom_padding=&#8221;10px|35px|10px|35px|true|true&#8221; custom_next=&#8221;on&#8221; next_text_size=&#8221;18px&#8221; next_text_color=&#8221;#FFFFFF&#8221; next_bg_color=&#8221;#183647&#8243; next_border_width=&#8221;0px&#8221; next_border_radius=&#8221;5px&#8221; next_font=&#8221;|600||on|||||&#8221; next_use_icon=&#8221;off&#8221; next_custom_padding=&#8221;5px|45px|5px|45px|true|true&#8221; submit_text_size_tablet=&#8221;20px&#8221; submit_text_size_phone=&#8221;18px&#8221; submit_text_size_last_edited=&#8221;on|phone&#8221; custom_css_gf_submit_button_selector=&#8221;width: 100% !important; ||text-align: center;&#8221; custom_css_field_container_selector=&#8221;border: none;||padding-top: 25px;&#8221; custom_css_input_container_selector=&#8221;border: none;&#8221; border_width_all_input_field_focus=&#8221;3px&#8221; border_color_all_input_field_focus=&#8221;#183647&#8243; border_style_all_input_field_focus=&#8221;none&#8221; border_width_all_input_field=&#8221;1px&#8221; border_color_all_input_field=&#8221;#4c8aa3&#8243; border_width_all_textarea_field=&#8221;1px&#8221; border_color_all_textarea_field=&#8221;#4C8AA3&#8243; border_width_all_select_field=&#8221;1px&#8221; border_color_all_select_field=&#8221;#4C8AA3&#8243; box_shadow_style_input_field_focus=&#8221;preset1&#8243; box_shadow_style_input_field=&#8221;preset3&#8243; box_shadow_color_input_field=&#8221;rgba(0,0,0,0.22)&#8221; box_shadow_style_textarea_field=&#8221;preset3&#8243; box_shadow_style_select_field=&#8221;preset3&#8243; box_shadow_style_submit=&#8221;preset1&#8243; box_shadow_style_prev=&#8221;preset3&#8243; box_shadow_style_next=&#8221;preset3&#8243; locked=&#8221;off&#8221; global_colors_info=&#8221;{}&#8221; submit_text_color__hover=&#8221;#FFFFFF&#8221; submit_text_color__hover_enabled=&#8221;on|hover&#8221; submit_bg_color__hover=&#8221;#B30018&#8243; submit_bg_color__hover_enabled=&#8221;on|hover&#8221; next_bg_color__hover=&#8221;#B30018&#8243; next_bg_color__hover_enabled=&#8221;on|desktop&#8221; all_text_color__hover=&#8221;#FFFFFF&#8221; all_text_color__hover_enabled=&#8221;off|desktop&#8221; all_bg_color__hover=&#8221;#EF7E4F&#8221; all_bg_color__hover_enabled=&#8221;off|desktop&#8221;][\/dipi_gravity_forms_styler][\/et_pb_column][et_pb_column type=&#8221;1_5&#8243; _builder_version=&#8221;4.27.4&#8243; _module_preset=&#8221;default&#8221; background_enable_color=&#8221;off&#8221; global_colors_info=&#8221;{}&#8221;][\/et_pb_column][\/et_pb_row][\/et_pb_section]<\/p>\n","protected":false},"excerpt":{"rendered":"<p>Birlikte daha fazlas\u0131n\u0131 deneyimleyin AquaMagis&#8217;te grup teklifleri \u0130ster bir okul s\u0131n\u0131f\u0131, ister kul\u00fcp veya i\u015f arkada\u015f\u0131 olun - AquaMagis&#8217;te birlikte ge\u00e7irece\u011finiz g\u00fcn bir deneyim olacak! Karayip d\u00fcnyam\u0131zda bol bol su e\u011flencesi, aksiyon dolu kayd\u0131raklar ve dinlendirici anlar i\u00e7in sab\u0131rs\u0131zlan\u0131yoruz. Grup tekliflerimiz ziyaretinizi ger\u00e7ek bir vurgu haline getirecek - 20 veya daha fazla gruplar i\u00e7in \u00f6zel [&hellip;]<\/p>\n","protected":false},"author":2,"featured_media":0,"parent":0,"menu_order":0,"comment_status":"closed","ping_status":"closed","template":"","meta":{"_acf_changed":false,"_et_pb_use_builder":"on","_et_pb_old_content":"","_et_gb_content_width":"","footnotes":""},"class_list":["post-5280","page","type-page","status-publish","hentry"],"acf":[],"publishpress_future_action":{"enabled":false,"date":"2026-05-16 16:11:16","action":"change-status","newStatus":"draft","terms":[],"taxonomy":"translation_priority","extraData":[]},"publishpress_future_workflow_manual_trigger":{"enabledWorkflows":[]},"_links":{"self":[{"href":"https:\/\/www.aquamagis.de\/tr\/wp-json\/wp\/v2\/pages\/5280","targetHints":{"allow":["GET"]}}],"collection":[{"href":"https:\/\/www.aquamagis.de\/tr\/wp-json\/wp\/v2\/pages"}],"about":[{"href":"https:\/\/www.aquamagis.de\/tr\/wp-json\/wp\/v2\/types\/page"}],"author":[{"embeddable":true,"href":"https:\/\/www.aquamagis.de\/tr\/wp-json\/wp\/v2\/users\/2"}],"replies":[{"embeddable":true,"href":"https:\/\/www.aquamagis.de\/tr\/wp-json\/wp\/v2\/comments?post=5280"}],"version-history":[{"count":5,"href":"https:\/\/www.aquamagis.de\/tr\/wp-json\/wp\/v2\/pages\/5280\/revisions"}],"predecessor-version":[{"id":8870,"href":"https:\/\/www.aquamagis.de\/tr\/wp-json\/wp\/v2\/pages\/5280\/revisions\/8870"}],"wp:attachment":[{"href":"https:\/\/www.aquamagis.de\/tr\/wp-json\/wp\/v2\/media?parent=5280"}],"curies":[{"name":"wp","href":"https:\/\/api.w.org\/{rel}","templated":true}]}}