{"id":5273,"date":"2025-04-24T11:30:31","date_gmt":"2025-04-24T09:30:31","guid":{"rendered":"https:\/\/www.aquamagis.de\/kariyer\/"},"modified":"2025-10-13T11:57:48","modified_gmt":"2025-10-13T09:57:48","slug":"kariyer","status":"publish","type":"page","link":"https:\/\/www.aquamagis.de\/tr\/kariyer\/","title":{"rendered":"Kariyer"},"content":{"rendered":"<p>[et_pb_section fb_built=&#8221;1&#8243; custom_padding_last_edited=&#8221;on|tablet&#8221; module_class=&#8221;custom-mask-1&#8243; _builder_version=&#8221;4.27.4&#8243; _module_preset=&#8221;default&#8221; background_enable_image=&#8221;off&#8221; background_blend=&#8221;multiply&#8221; min_height_last_edited=&#8221;off|tablet&#8221; custom_padding=&#8221;4vh||0px||false|false&#8221; custom_padding_tablet=&#8221;10vh||||false|false&#8221; custom_padding_phone=&#8221;8vh||||false|false&#8221; da_disable_devices=&#8221;off|off|off&#8221; locked=&#8221;off&#8221; global_colors_info=&#8221;{}&#8221; da_is_popup=&#8221;off&#8221; da_exit_intent=&#8221;off&#8221; da_has_close=&#8221;on&#8221; da_alt_close=&#8221;off&#8221; da_dark_close=&#8221;off&#8221; da_not_modal=&#8221;on&#8221; da_is_singular=&#8221;off&#8221; da_with_loader=&#8221;off&#8221; da_has_shadow=&#8221;on&#8221;][et_pb_row custom_padding_last_edited=&#8221;on|tablet&#8221; _builder_version=&#8221;4.27.4&#8243; _module_preset=&#8221;default&#8221; custom_padding=&#8221;8px||0%||false|false&#8221; custom_padding_tablet=&#8221;8px||0%||false|false&#8221; custom_padding_phone=&#8221;8px||0%||false|false&#8221; global_colors_info=&#8221;{}&#8221;][et_pb_column type=&#8221;4_4&#8243; _builder_version=&#8221;4.27.4&#8243; _module_preset=&#8221;default&#8221; global_colors_info=&#8221;{}&#8221;][et_pb_text _builder_version=&#8221;4.27.4&#8243; _module_preset=&#8221;default&#8221; text_text_color=&#8221;#000000&#8243; header_font=&#8221;-et_global_heading_font|800|||||||&#8221; header_text_color=&#8221;#183647&#8243; header_2_text_color=&#8221;#FFFFFF&#8221; custom_padding=&#8221;||0.1%||false|false&#8221; custom_padding_tablet=&#8221;||0%||false|false&#8221; custom_padding_phone=&#8221;||0%||false|false&#8221; custom_padding_last_edited=&#8221;on|phone&#8221; global_colors_info=&#8221;{}&#8221;]<\/p>\n<h1>AquaMagis&#8217;te Kariyer<\/h1>\n<p class=\"p1\"><b>AquaMagis&#8217;teki gelece\u011finiz - bir i\u015ften daha fazlas\u0131!<\/b><b><\/b><\/p>\n<p class=\"p3\">Kendinizi geli\u015ftirebilece\u011finiz, motive bir ekibin par\u00e7as\u0131 olabilece\u011finiz ve insanlara unutulmaz bir g\u00fcn ya\u015fatabilece\u011finiz bir i\u015f yeri mi ar\u0131yorsunuz? O halde <span class=\"s1\">AquaMagis<\/span> sizin i\u00e7in do\u011fru yer! Kuzey Ren Vestfalya&#8217;daki en pop\u00fcler macera havuzlar\u0131ndan biri olarak, biti\u015fik bir tatil k\u00f6y\u00fc, fitness st\u00fcdyosu ve yemek tesisleri ile size \u00e7e\u015fitli aktiviteler, adil \u00fccret, d\u00fcz hiyerar\u015fi ve ger\u00e7ek geli\u015fim f\u0131rsatlar\u0131 sunuyoruz.  <\/p>\n<p class=\"p3\">\u0130ster havuz g\u00f6revlisi, ister hizmet g\u00f6revlisi, ister kasada veya vestiyer, isterse de yetenekli bir teknisyen olun, bizim i\u00e7in \u00f6nemli olan ekip ruhu, tutku ve birlikte fark yaratma arzusudur. Takdire dayal\u0131 bir kurum k\u00fclt\u00fcr\u00fcne ve herkesin kendini rahat hissedebilece\u011fi bir \u00e7al\u0131\u015fma ortam\u0131na inan\u0131yoruz. <\/p>\n<p class=\"p3\">Ekibimizin bir par\u00e7as\u0131 olun ve AquaMagis&#8217;i \u015fekillendirmeye yard\u0131mc\u0131 olun -<span class=\"s1\"> eve g\u00fcl\u00fcmseyerek giden misafirler<\/span> i\u00e7in.<\/p>\n<p>[\/et_pb_text][dipi_button_grid flex_direction=&#8221;row&#8221; justify_content=&#8221;flex-start&#8221; _builder_version=&#8221;4.27.4&#8243; _module_preset=&#8221;default&#8221; custom_button_grid=&#8221;on&#8221; button_grid_text_size=&#8221;20px&#8221; button_grid_border_width=&#8221;0px&#8221; button_grid_border_radius=&#8221;25px&#8221; button_grid_font=&#8221;|600||on|||||&#8221; button_grid_text_size_tablet=&#8221;20px&#8221; button_grid_text_size_phone=&#8221;16px&#8221; button_grid_text_size_last_edited=&#8221;on|phone&#8221; box_shadow_style_button_grid=&#8221;preset1&#8243; box_shadow_vertical_button_grid=&#8221;0px&#8221; box_shadow_blur_button_grid=&#8221;25px&#8221; box_shadow_color_button_grid=&#8221;rgba(255,255,255,0.7)&#8221; locked=&#8221;off&#8221; global_colors_info=&#8221;{}&#8221; transform_styles__hover_enabled=&#8221;on|hover&#8221; transform_scale__hover_enabled=&#8221;on|hover&#8221; transform_translate__hover_enabled=&#8221;on|desktop&#8221; transform_rotate__hover_enabled=&#8221;on|desktop&#8221; transform_skew__hover_enabled=&#8221;on|desktop&#8221; transform_origin__hover_enabled=&#8221;on|desktop&#8221;][dipi_button_grid_child button_id=&#8221;Stellen&#8221; button_type=&#8221;dp_button&#8221; button_text=&#8221;Bo\u015f \u0130\u015fler&#8221; button_link=&#8221;#stellenangebote&#8221; button_link_target=&#8221;off&#8221; _builder_version=&#8221;4.27.4&#8243; _module_preset=&#8221;default&#8221; custom_button=&#8221;on&#8221; button_text_color=&#8221;#FFFFFF&#8221; button_bg_color=&#8221;#183647&#8243; global_colors_info=&#8221;{}&#8221; transform_styles__hover_enabled=&#8221;on|hover&#8221; transform_scale__hover_enabled=&#8221;on|hover&#8221; transform_translate__hover_enabled=&#8221;on|desktop&#8221; transform_rotate__hover_enabled=&#8221;on|desktop&#8221; transform_skew__hover_enabled=&#8221;on|desktop&#8221; transform_origin__hover_enabled=&#8221;on|desktop&#8221; transform_scale__hover=&#8221;105%|105%&#8221; custom_css_button_type_last_edited=&#8221;on|phone&#8221; custom_css_button_type_phone=&#8221;width: 300px !important;||text-align: center !important;&#8221;][\/dipi_button_grid_child][dipi_button_grid_child button_id=&#8221;Ausbildung&#8221; button_type=&#8221;dp_button&#8221; button_text=&#8221;E\u011fitim&#8221; button_link=&#8221;#ausbildung&#8221; button_link_target=&#8221;off&#8221; _builder_version=&#8221;4.27.4&#8243; _module_preset=&#8221;default&#8221; custom_button=&#8221;on&#8221; button_text_color=&#8221;#000000&#8243; button_bg_color=&#8221;#FBBA00&#8243; global_colors_info=&#8221;{}&#8221; transform_styles__hover_enabled=&#8221;on|hover&#8221; transform_scale__hover_enabled=&#8221;on|hover&#8221; transform_translate__hover_enabled=&#8221;on|desktop&#8221; transform_rotate__hover_enabled=&#8221;on|desktop&#8221; transform_skew__hover_enabled=&#8221;on|desktop&#8221; transform_origin__hover_enabled=&#8221;on|desktop&#8221; transform_scale__hover=&#8221;105%|105%&#8221; custom_css_button_type_last_edited=&#8221;on|phone&#8221; custom_css_button_type_phone=&#8221;width: 300px !important;||text-align: center !important;&#8221;][\/dipi_button_grid_child][\/dipi_button_grid][et_pb_text _builder_version=&#8221;4.27.4&#8243; _module_preset=&#8221;default&#8221; text_text_color=&#8221;#000000&#8243; header_font=&#8221;-et_global_heading_font|800|||||||&#8221; header_text_color=&#8221;#183647&#8243; header_2_text_color=&#8221;#183647&#8243; header_2_font_size=&#8221;30px&#8221; custom_padding=&#8221;||0.1%||false|false&#8221; custom_padding_tablet=&#8221;||0%||false|false&#8221; custom_padding_phone=&#8221;||0%||false|false&#8221; custom_padding_last_edited=&#8221;on|phone&#8221; global_colors_info=&#8221;{}&#8221;]<\/p>\n<h2 class=\"p1\">Uygun bir pozisyon yok mu?<\/h2>\n<p class=\"p1\">O zaman biz de sizin <a href=\"https:\/\/www.aquamagis.de\/initiativbewerbung\/\"><span class=\"s1\">talep edilmemi\u015f ba\u015fvuru<\/span><\/a> - Biz fark\u0131nda bile olmadan bizim i\u00e7in m\u00fckemmel bir se\u00e7im olabilirsiniz!<\/p>\n<p>[\/et_pb_text][\/et_pb_column][\/et_pb_row][\/et_pb_section][et_pb_section fb_built=&#8221;1&#8243; admin_label=&#8221;Sektion&#8221; _builder_version=&#8221;4.27.4&#8243; _module_preset=&#8221;default&#8221; background_enable_color=&#8221;off&#8221; custom_padding=&#8221;0px||||false|false&#8221; da_disable_devices=&#8221;off|off|off&#8221; collapsed=&#8221;on&#8221; global_colors_info=&#8221;{}&#8221; da_is_popup=&#8221;off&#8221; da_exit_intent=&#8221;off&#8221; da_has_close=&#8221;on&#8221; da_alt_close=&#8221;off&#8221; da_dark_close=&#8221;off&#8221; da_not_modal=&#8221;on&#8221; da_is_singular=&#8221;off&#8221; da_with_loader=&#8221;off&#8221; da_has_shadow=&#8221;on&#8221;][et_pb_row use_custom_gutter=&#8221;on&#8221; gutter_width=&#8221;2&#8243; module_id=&#8221;stellenangebote&#8221; _builder_version=&#8221;4.27.4&#8243; _module_preset=&#8221;default&#8221; custom_padding=&#8221;60px|||||&#8221; global_colors_info=&#8221;{}&#8221;][et_pb_column type=&#8221;4_4&#8243; _builder_version=&#8221;4.27.4&#8243; _module_preset=&#8221;default&#8221; global_colors_info=&#8221;{}&#8221;][et_pb_text _builder_version=&#8221;4.27.4&#8243; _module_preset=&#8221;default&#8221; global_colors_info=&#8221;{}&#8221;]<\/p>\n<h3>G\u00fcncel bo\u015f pozisyonlar<\/h3>\n<p>[\/et_pb_text][et_pb_blog fullwidth=&#8221;off&#8221; include_categories=&#8221;25,9,118&#8243; use_manual_excerpt=&#8221;off&#8221; excerpt_length=&#8221;100&#8243; show_more=&#8221;on&#8221; show_author=&#8221;off&#8221; show_date=&#8221;off&#8221; show_categories=&#8221;off&#8221; show_excerpt=&#8221;off&#8221; show_pagination=&#8221;off&#8221; module_class=&#8221;blog-style-22&#8243; _builder_version=&#8221;4.27.4&#8243; _module_preset=&#8221;default&#8221; header_font=&#8221;-et_global_heading_font|600||on|||||&#8221; header_text_color=&#8221;#183647&#8243; header_font_size=&#8221;23px&#8221; header_line_height=&#8221;1.1em&#8221; body_font=&#8221;-et_global_body_font||||||||&#8221; body_text_color=&#8221;#333333&#8243; body_font_size=&#8221;18px&#8221; body_line_height=&#8221;1.3em&#8221; meta_font=&#8221;Hind|||on|||||&#8221; meta_font_size=&#8221;15px&#8221; meta_line_height=&#8221;1.4em&#8221; read_more_font=&#8221;-et_global_body_font|600||on|||||&#8221; read_more_text_color=&#8221;#FFFFFF&#8221; read_more_font_size=&#8221;18px&#8221; read_more_line_height=&#8221;3em&#8221; pagination_font=&#8221;Hind|||on|||||&#8221; pagination_text_color=&#8221;#000000&#8243; pagination_font_size=&#8221;15px&#8221; custom_padding=&#8221;||||false|false&#8221; hover_enabled=&#8221;0&#8243; header_font_size_tablet=&#8221;20px&#8221; header_font_size_phone=&#8221;20px&#8221; header_font_size_last_edited=&#8221;on|phone&#8221; body_font_size_tablet=&#8221;16px&#8221; body_font_size_phone=&#8221;16px&#8221; body_font_size_last_edited=&#8221;on|phone&#8221; meta_line_height_tablet=&#8221;&#8221; meta_line_height_phone=&#8221;1.3em&#8221; meta_line_height_last_edited=&#8221;on|desktop&#8221; custom_css_title=&#8221;padding-left:15px;||padding-right:15px;||padding-bottom:15px;||min-height: 100px;&#8221; custom_css_content=&#8221;padding-left:15px;||padding-right:15px;||padding-bottom:15px;&#8221; custom_css_featured_image=&#8221;height: 300px !important;||object-fit: cover;&#8221; custom_css_read_more=&#8221;background-color: #183647 ;||padding: 5px 15px;||border-radius: 25px;&#8221; border_radii=&#8221;on|25px|25px|25px|25px&#8221; border_width_all=&#8221;0px&#8221; border_color_all=&#8221;#dcdcdc&#8221; box_shadow_style=&#8221;preset3&#8243; box_shadow_color=&#8221;rgba(0,0,0,0.26)&#8221; locked=&#8221;off&#8221; global_colors_info=&#8221;{}&#8221; pagination_letter_spacing__hover=&#8221;0px&#8221; pagination_letter_spacing__hover_enabled=&#8221;on|desktop&#8221; custom_css_main_element_last_edited=&#8221;off|phone&#8221; custom_css_post_meta_last_edited=&#8221;off|desktop&#8221; custom_css_post_meta_phone=&#8221;margin-top:10px;||padding-left: 15px !important;||padding-right: 15px;||font-weight:400;&#8221; custom_css_post_meta_tablet=&#8221;font-weight:400;||padding-left:15px;||padding-right:15px;&#8221; custom_css_title_last_edited=&#8221;on|phone&#8221; custom_css_title_tablet=&#8221;padding-left:15px;||padding-right:15px;||padding-bottom:15px;||min-height: 100px;&#8221; custom_css_title_phone=&#8221;padding-left:15px;||padding-right:15px;||padding-bottom:15px;&#8221; custom_css_content_tablet=&#8221;padding-left:15px;||padding-right:15px;||padding-bottom:15px;||&#8221; custom_css_content_phone=&#8221;padding-left:15px;||padding-right:15px;||padding-bottom:15px;&#8221; custom_css_content_last_edited=&#8221;on|desktop&#8221; custom_css_read_more__hover=&#8221;background-color: #b30018;&#8221; custom_css_read_more__hover_enabled=&#8221;on|desktop&#8221; sticky_enabled=&#8221;0&#8243;][\/et_pb_blog][\/et_pb_column][\/et_pb_row][et_pb_row use_custom_gutter=&#8221;on&#8221; gutter_width=&#8221;2&#8243; module_id=&#8221;ausbildung&#8221; _builder_version=&#8221;4.27.4&#8243; _module_preset=&#8221;default&#8221; global_colors_info=&#8221;{}&#8221;][et_pb_column type=&#8221;4_4&#8243; _builder_version=&#8221;4.27.4&#8243; _module_preset=&#8221;default&#8221; global_colors_info=&#8221;{}&#8221;][et_pb_text _builder_version=&#8221;4.27.4&#8243; _module_preset=&#8221;default&#8221; text_text_color=&#8221;#000000&#8243; header_2_text_color=&#8221;#183647&#8243; global_colors_info=&#8221;{}&#8221;]<\/p>\n<h2>AquaMagis&#8217;te E\u011fitim<\/h2>\n<p class=\"p1\"><b>AquaMagis&#8217;teki e\u011fitiminiz - e\u011flence ve macera d\u00fcnyas\u0131na giri\u015finiz<\/b><b><\/b><\/p>\n<p class=\"p3\">Kariyerinize ba\u015flamak istiyor ve iki g\u00fcn\u00fcn ayn\u0131 olmad\u0131\u011f\u0131 bir \u00e7\u0131rakl\u0131k e\u011fitimi mi ar\u0131yorsunuz? O zaman AquaMagis sizin i\u00e7in do\u011fru yer! <\/p>\n<p class=\"p3\">Modern bir e\u011flence ve macera havuzu olarak size \u00e7e\u015fitli g\u00f6revler, yan\u0131n\u0131zda g\u00fc\u00e7l\u00fc bir ekip ve gelecek i\u00e7in ger\u00e7ek beklentiler i\u00e7eren heyecan verici \u00e7\u0131rakl\u0131k e\u011fitimleri sunuyoruz. \u0130ster konuklarla do\u011frudan temas halinde olun, ister sahne arkas\u0131nda veya suyun etraf\u0131nda - bizimle pratik deneyim, sorumluluk ve e\u011flencenin m\u00fckemmel bir kar\u0131\u015f\u0131m\u0131n\u0131 elde edeceksiniz. <\/p>\n<p>[\/et_pb_text][\/et_pb_column][\/et_pb_row][et_pb_row use_custom_gutter=&#8221;on&#8221; gutter_width=&#8221;2&#8243; module_id=&#8221;ausbildung&#8221; _builder_version=&#8221;4.27.4&#8243; _module_preset=&#8221;default&#8221; global_colors_info=&#8221;{}&#8221;][et_pb_column type=&#8221;4_4&#8243; _builder_version=&#8221;4.27.4&#8243; _module_preset=&#8221;default&#8221; global_colors_info=&#8221;{}&#8221;][et_pb_text _builder_version=&#8221;4.27.4&#8243; _module_preset=&#8221;default&#8221; global_colors_info=&#8221;{}&#8221;]<\/p>\n<h3>G\u00fcncel \u00e7\u0131rakl\u0131k e\u011fitimleri<\/h3>\n<p>[\/et_pb_text][et_pb_blog fullwidth=&#8221;off&#8221; include_categories=&#8221;14&#8243; use_manual_excerpt=&#8221;off&#8221; excerpt_length=&#8221;100&#8243; show_more=&#8221;on&#8221; show_author=&#8221;off&#8221; show_date=&#8221;off&#8221; show_categories=&#8221;off&#8221; show_pagination=&#8221;off&#8221; module_class=&#8221;blog-style-22&#8243; _builder_version=&#8221;4.27.4&#8243; _module_preset=&#8221;default&#8221; header_font=&#8221;-et_global_heading_font|600||on|||||&#8221; header_text_color=&#8221;#183647&#8243; header_font_size=&#8221;23px&#8221; header_line_height=&#8221;1.1em&#8221; body_font=&#8221;-et_global_body_font||||||||&#8221; body_text_color=&#8221;#333333&#8243; body_font_size=&#8221;18px&#8221; body_line_height=&#8221;1.3em&#8221; meta_font=&#8221;Hind|||on|||||&#8221; meta_font_size=&#8221;15px&#8221; meta_line_height=&#8221;1.4em&#8221; read_more_font=&#8221;-et_global_body_font|600||on|||||&#8221; read_more_text_color=&#8221;#FFFFFF&#8221; read_more_font_size=&#8221;18px&#8221; read_more_line_height=&#8221;3em&#8221; pagination_font=&#8221;Hind|||on|||||&#8221; pagination_text_color=&#8221;#000000&#8243; pagination_font_size=&#8221;15px&#8221; custom_padding=&#8221;||||false|false&#8221; header_font_size_tablet=&#8221;20px&#8221; header_font_size_phone=&#8221;20px&#8221; header_font_size_last_edited=&#8221;on|phone&#8221; body_font_size_tablet=&#8221;16px&#8221; body_font_size_phone=&#8221;16px&#8221; body_font_size_last_edited=&#8221;on|phone&#8221; meta_line_height_tablet=&#8221;&#8221; meta_line_height_phone=&#8221;1.3em&#8221; meta_line_height_last_edited=&#8221;on|desktop&#8221; custom_css_title=&#8221;padding-left:15px;||padding-right:15px;||padding-bottom:15px;||min-height: 60px;&#8221; custom_css_content=&#8221;padding-left:15px;||padding-right:15px;||padding-bottom:15px;||min-height: 100px;&#8221; custom_css_post_meta=&#8221;font-weight:400;||padding-left:15px;||padding-right:15px;&#8221; custom_css_featured_image=&#8221;height: 300px !important;||object-fit: cover;&#8221; custom_css_read_more=&#8221;background-color: #183647 ;||padding: 5px 15px;||border-radius: 25px;&#8221; border_radii=&#8221;on|25px|25px|25px|25px&#8221; border_width_all=&#8221;0px&#8221; border_color_all=&#8221;#dcdcdc&#8221; box_shadow_style=&#8221;preset3&#8243; box_shadow_color=&#8221;rgba(0,0,0,0.26)&#8221; locked=&#8221;off&#8221; global_colors_info=&#8221;{}&#8221; pagination_letter_spacing__hover=&#8221;0px&#8221; pagination_letter_spacing__hover_enabled=&#8221;on|desktop&#8221; custom_css_main_element_last_edited=&#8221;off|phone&#8221; custom_css_post_meta_last_edited=&#8221;on|phone&#8221; custom_css_post_meta_phone=&#8221;margin-top:10px;||padding-left: 15px !important;||padding-right: 15px;||font-weight:400;&#8221; custom_css_post_meta_tablet=&#8221;font-weight:400;||padding-left:15px;||padding-right:15px;&#8221; custom_css_title_last_edited=&#8221;on|desktop&#8221; custom_css_title_tablet=&#8221;padding-left:15px;||padding-right:15px;||padding-bottom:15px;&#8221; custom_css_title_phone=&#8221;padding-left:15px;||padding-right:15px;||padding-bottom:15px;&#8221; custom_css_content_tablet=&#8221;padding-left:15px;||padding-right:15px;||padding-bottom:15px;||min-height: 100px;&#8221; custom_css_content_phone=&#8221;padding-left:15px;||padding-right:15px;||padding-bottom:15px;&#8221; custom_css_content_last_edited=&#8221;on|desktop&#8221; custom_css_read_more__hover=&#8221;background-color: #b30018;&#8221; custom_css_read_more__hover_enabled=&#8221;on|desktop&#8221;][\/et_pb_blog][\/et_pb_column][\/et_pb_row][\/et_pb_section]<\/p>\n","protected":false},"excerpt":{"rendered":"<p>AquaMagis&#8217;te Kariyer AquaMagis&#8217;teki gelece\u011finiz - bir i\u015ften daha fazlas\u0131! Kendinizi geli\u015ftirebilece\u011finiz, motive bir ekibin par\u00e7as\u0131 olabilece\u011finiz ve insanlara unutulmaz bir g\u00fcn ya\u015fatabilece\u011finiz bir i\u015f yeri mi ar\u0131yorsunuz? O halde AquaMagis sizin i\u00e7in do\u011fru yer! Kuzey Ren Vestfalya&#8217;daki en pop\u00fcler macera havuzlar\u0131ndan biri olarak, biti\u015fik bir tatil k\u00f6y\u00fc, fitness st\u00fcdyosu ve yemek tesisleri ile size \u00e7e\u015fitli [&hellip;]<\/p>\n","protected":false},"author":1,"featured_media":0,"parent":0,"menu_order":0,"comment_status":"closed","ping_status":"closed","template":"","meta":{"_acf_changed":false,"_et_pb_use_builder":"on","_et_pb_old_content":"","_et_gb_content_width":"","footnotes":""},"class_list":["post-5273","page","type-page","status-publish","hentry"],"acf":[],"publishpress_future_action":{"enabled":false,"date":"2026-05-16 16:13:01","action":"change-status","newStatus":"draft","terms":[],"taxonomy":"translation_priority","extraData":[]},"publishpress_future_workflow_manual_trigger":{"enabledWorkflows":[]},"_links":{"self":[{"href":"https:\/\/www.aquamagis.de\/tr\/wp-json\/wp\/v2\/pages\/5273","targetHints":{"allow":["GET"]}}],"collection":[{"href":"https:\/\/www.aquamagis.de\/tr\/wp-json\/wp\/v2\/pages"}],"about":[{"href":"https:\/\/www.aquamagis.de\/tr\/wp-json\/wp\/v2\/types\/page"}],"author":[{"embeddable":true,"href":"https:\/\/www.aquamagis.de\/tr\/wp-json\/wp\/v2\/users\/1"}],"replies":[{"embeddable":true,"href":"https:\/\/www.aquamagis.de\/tr\/wp-json\/wp\/v2\/comments?post=5273"}],"version-history":[{"count":3,"href":"https:\/\/www.aquamagis.de\/tr\/wp-json\/wp\/v2\/pages\/5273\/revisions"}],"predecessor-version":[{"id":7545,"href":"https:\/\/www.aquamagis.de\/tr\/wp-json\/wp\/v2\/pages\/5273\/revisions\/7545"}],"wp:attachment":[{"href":"https:\/\/www.aquamagis.de\/tr\/wp-json\/wp\/v2\/media?parent=5273"}],"curies":[{"name":"wp","href":"https:\/\/api.w.org\/{rel}","templated":true}]}}