{"id":5233,"date":"2025-06-20T15:25:30","date_gmt":"2025-06-20T13:25:30","guid":{"rendered":"https:\/\/www.aquamagis.de\/erisilebilirlik-beyani\/"},"modified":"2026-01-04T16:14:11","modified_gmt":"2026-01-04T15:14:11","slug":"erisilebilirlik-beyani","status":"publish","type":"page","link":"https:\/\/www.aquamagis.de\/tr\/erisilebilirlik-beyani\/","title":{"rendered":"Eri\u015filebilirlik beyan\u0131"},"content":{"rendered":"<p>[et_pb_section fb_built=&#8221;1&#8243; _builder_version=&#8221;4.16&#8243; da_disable_devices=&#8221;off|off|off&#8221; global_colors_info=&#8221;{}&#8221; da_is_popup=&#8221;off&#8221; da_exit_intent=&#8221;off&#8221; da_has_close=&#8221;on&#8221; da_alt_close=&#8221;off&#8221; da_dark_close=&#8221;off&#8221; da_not_modal=&#8221;on&#8221; da_is_singular=&#8221;off&#8221; da_with_loader=&#8221;off&#8221; da_has_shadow=&#8221;on&#8221;][et_pb_row custom_padding_last_edited=&#8221;on|tablet&#8221; _builder_version=&#8221;4.27.4&#8243; _module_preset=&#8221;default&#8221; custom_padding=&#8221;8px||0%||false|false&#8221; custom_padding_tablet=&#8221;8px||0%||false|false&#8221; custom_padding_phone=&#8221;8px||0%||false|false&#8221; locked=&#8221;off&#8221; global_colors_info=&#8221;{}&#8221;][et_pb_column type=&#8221;4_4&#8243; _builder_version=&#8221;4.27.4&#8243; _module_preset=&#8221;default&#8221; global_colors_info=&#8221;{}&#8221;][et_pb_text _builder_version=&#8221;4.27.5&#8243; _module_preset=&#8221;default&#8221; text_text_color=&#8221;#000000&#8243; header_font=&#8221;-et_global_heading_font|800|||||||&#8221; header_text_color=&#8221;#183647&#8243; header_2_text_color=&#8221;#183647&#8243; header_3_text_color=&#8221;#183647&#8243; header_4_text_color=&#8221;#183647&#8243; header_5_text_color=&#8221;#183647&#8243; header_6_text_color=&#8221;#183647&#8243; custom_padding=&#8221;||0.1%||false|false&#8221; custom_padding_tablet=&#8221;||0%||false|false&#8221; custom_padding_phone=&#8221;||0%||false|false&#8221; custom_padding_last_edited=&#8221;on|phone&#8221; hover_enabled=&#8221;0&#8243; global_colors_info=&#8221;{}&#8221; sticky_enabled=&#8221;0&#8243;]<\/p>\n<h1>Hizmetlerin eri\u015filebilirli\u011fine ili\u015fkin deklarasyon<\/h1>\n<p>Eri\u015filebilirlik beyan\u0131m\u0131z\u0131n bir par\u00e7as\u0131 olarak, a\u015fa\u011f\u0131da a\u00e7\u0131klanan hizmet(ler)in yasal d\u00fczenlemelere (\u00f6zellikle Eri\u015filebilirlik G\u00fc\u00e7lendirme Yasas\u0131 - BFSG) g\u00f6re eri\u015filebilirlik gerekliliklerine uygunluk durumu hakk\u0131nda size genel bir bilgi vermek istiyoruz.<\/p>\n<h2>Hizmet sa\u011flay\u0131c\u0131n\u0131n detaylar\u0131<\/h2>\n<p>AquaMagis Plettenberg GmbH<br \/>B\u00f6ddinghauser Feld 1<br \/>58840 Plettenberg<\/p>\n<p>E-posta: info@aquamagis.de<br \/>Telefon: +49 (0) 2391 6055-0<\/p>\n<p>Web sitesine ba\u011flant\u0131: <a href=\"https:\/\/www.aquamagis.de\/tr\/\">https:\/\/www.aquamagis.de\/<\/a><br \/>Yasal bildirime ba\u011flant\u0131: <a href=\"https:\/\/www.aquamagis.de\/tr\/kuenye\/\">https:\/\/www.aquamagis.de\/impressum<\/a><\/p>\n<h2>Hizmetin genel tan\u0131m\u0131<\/h2>\n<p>Plettenberg&#8217;de y\u00fczme ve k\u00fcrek \u00e7ekme havuzlar\u0131 ve su kayd\u0131raklar\u0131 i\u00e7eren dinlence havuzu.<\/p>\n<h2>Hizmetin uygulanmas\u0131na ili\u015fkin a\u00e7\u0131klamalar<\/h2>\n<p>Web sitemizde - www.aquamagis.de - e\u011flence havuzundaki atraksiyonlar ve teklifler hakk\u0131nda bilgi veriyoruz. Haber b\u00fcltenimize abone olabilir, grup ziyaretleri i\u00e7in rezervasyon yapt\u0131rabilir ve online bilet sat\u0131n alabilece\u011finiz online ma\u011fazam\u0131za (www.aquamagis-shop.de) gidebilirsiniz.  Bu beyan sadece www.aquamagis.de web sitesi i\u00e7in ge\u00e7erlidir.<\/p>\n<h2>Gereksinimlerle uyumluluk durumu<\/h2>\n<p><a href=\"https:\/\/www.aquamagis.de\/tr\/\">aquamagis.de<\/a> web sitesi AquaMagis Plettenberg GmbH taraf\u0131ndan <a href=\"https:\/\/freiwerk.de\/\">dijital pazarlama ajans\u0131 freiwerk<\/a> ile birlikte tasarland\u0131 ve uyguland\u0131. Planlama ve geli\u015ftirme a\u015famalar\u0131ndan itibaren, Engelsiz Eri\u015filebilirlik G\u00fc\u00e7lendirme Yasas\u0131 (BFSG) ve Engelsiz Bilgi Teknolojisi Y\u00f6netmeli\u011fi&#8217;nin (BITV 2.0) yasal gerekliliklerinin tamamen dikkate al\u0131nmas\u0131na \u00f6zen g\u00f6sterildi. <\/p>\n<p><strong>Amac\u0131m\u0131z, AquaMagis macera havuzuna ili\u015fkin bilgi ve teklifleri m\u00fcmk\u00fcn oldu\u011funca \u00e7ok ki\u015fi i\u00e7in dijital olarak eri\u015filebilir k\u0131lmakt\u0131r.<\/strong>  Web sitesi, Web \u0130\u00e7eri\u011fi Eri\u015filebilirlik Y\u00f6nergeleri (WCAG) 2.1&#8217;in uluslararas\u0131 standartlar\u0131na, \u00f6zellikle de A ve AA uyumluluk seviyelerine dayanmaktad\u0131r. Eri\u015filebilirli\u011fi s\u00fcrekli olarak g\u00f6zden ge\u00e7iriyor ve web sitesini yeni teknik ve yasal gerekliliklere uyarl\u0131yoruz.   <\/p>\n<h3><strong>Eri\u015filebilirlik \u00f6nlemleri uygulanm\u0131\u015ft\u0131r:<\/strong><\/h3>\n<ul>\n<li><strong>Klavye \u00fczerinden \u00e7al\u0131\u015ft\u0131r\u0131labilirlik:<br \/><\/strong>T\u00fcm temel i\u00e7erik ve i\u015flevler, fare olmadan da, yani yaln\u0131zca klavye \u00fczerinden \u00e7al\u0131\u015ft\u0131r\u0131labilecek \u015fekilde tasarlanm\u0131\u015ft\u0131r.<\/li>\n<\/ul>\n<ul>\n<li><strong>Yap\u0131land\u0131r\u0131lm\u0131\u015f ve mant\u0131ksal olarak d\u00fczenlenmi\u015f i\u00e7erik:<br \/><\/strong>Navigasyon, ba\u015fl\u0131klar ve i\u00e7erik alanlar\u0131, t\u00fcm kullan\u0131c\u0131lar ve yard\u0131mc\u0131 teknolojiler i\u00e7in oryantasyonu kolayla\u015ft\u0131rmak amac\u0131yla a\u00e7\u0131k ve anla\u015f\u0131l\u0131r bir yap\u0131 izler.<\/li>\n<\/ul>\n<ul>\n<li><strong>Ekran okuyucular ve yard\u0131mc\u0131 cihazlarla uyumluluk:<br \/><\/strong>Etkile\u015fimli ve metinsel i\u00e7erik, yayg\u0131n ekran okuyucular ve yard\u0131mc\u0131 cihazlar taraf\u0131ndan tan\u0131nabilecek ve \u00e7\u0131kt\u0131s\u0131 al\u0131nabilecek \u015fekilde haz\u0131rlanm\u0131\u015ft\u0131r.<\/li>\n<\/ul>\n<ul>\n<li><strong>Alternatif g\u00f6rsel a\u00e7\u0131klamalar\u0131:<br \/><\/strong>Temel bilgilerin g\u00f6rsel alg\u0131 olmadan da eri\u015filebilir olmas\u0131 i\u00e7in t\u00fcm ilgili g\u00f6rseller ve grafik \u00f6\u011feler anlaml\u0131 alternatif metinlere sahiptir.<\/li>\n<\/ul>\n<ul>\n<li><strong>Y\u00fcksek renk kontrastlar\u0131 ve ayarlanabilir yaz\u0131 tipi boyutlar\u0131:<br \/><\/strong>Tasar\u0131mda yeterince y\u00fcksek renk kontrastlar\u0131 dikkate al\u0131nm\u0131\u015ft\u0131r. Metinler, i\u015flevleri veya i\u00e7eri\u011fi kaybetmeden taray\u0131c\u0131 ayarlar\u0131 arac\u0131l\u0131\u011f\u0131yla b\u00fcy\u00fct\u00fclebilir. <\/li>\n<\/ul>\n<ul>\n<li><strong>Basit ve anla\u015f\u0131l\u0131r dil:<br \/><\/strong>\u0130\u00e7erik, m\u00fcmk\u00fcn oldu\u011funca kolay anla\u015f\u0131lacak ve b\u00f6ylece geni\u015f bir kullan\u0131c\u0131 grubuna hitap edecek \u015fekilde form\u00fcle edilmi\u015ftir.<\/li>\n<li><strong>Azalt\u0131lm\u0131\u015f hareket efektleri:<br \/><\/strong>Animasyonlar ve hareketli \u00f6\u011feler az kullan\u0131l\u0131r. Hareketi azaltmak i\u00e7in sistem ayarlar\u0131 dikkate al\u0131n\u0131r. <\/li>\n<\/ul>\n<p><strong>Devam eden iyile\u015ftirme s\u00fcreci<\/strong><\/p>\n<p>Bizim i\u00e7in eri\u015filebilirlik dinamik bir s\u00fcre\u00e7tir. AquaMagis Plettenberg GmbH ve Freiwerk ajans\u0131 eri\u015filebilirli\u011fi modern ve sorumlu \u00e7evrimi\u00e7i ileti\u015fimin bir par\u00e7as\u0131 olarak g\u00f6rmektedir. Web sitesi d\u00fczenli olarak kontrol edilmekte ve gerekirse mevcut engelleri daha da azaltmak ve g\u00fcncel gereksinimleri kar\u015f\u0131lamak i\u00e7in uyarlanmaktad\u0131r.  <\/p>\n<p><strong> <\/strong><\/p>\n<p><strong>Not:<\/strong><\/p>\n<p>Bu web sitesinde herhangi bir engel fark ederseniz veya daha fazla iyile\u015ftirme i\u00e7in herhangi bir \u00f6neriniz varsa, geri bildiriminizi almaktan memnuniyet duyar\u0131z. Yorumlar\u0131n\u0131z ciddiye al\u0131nacak ve devam eden optimizasyon s\u00fcrecine dahil edilecektir. <\/p>\n<p>&nbsp;<\/p>\n<h2>Engelleri bildirmek i\u00e7in geri bildirim se\u00e7ene\u011fi<\/h2>\n<p>Web sitemizdeki i\u00e7eri\u011fe eri\u015fimde herhangi bir engel fark ettiyseniz, l\u00fctfen bize bildirin:<\/p>\n<p>E-posta: <a href=\"mailto:info@aquamagis.de\">info@aquamagis.de<\/a> <br \/>Telefon: +49 (0) 2391 6055-0<\/p>\n<h2>Yetkili piyasa g\u00f6zetim otoritesi<\/h2>\n<p>\u00dcr\u00fcn ve Hizmetlerin Eri\u015filebilirli\u011fi i\u00e7in Federal Devletlerin Piyasa G\u00f6zetim Kurumu (MLBF)<br \/>c\/o \u00c7al\u0131\u015fma, Sosyal \u0130\u015fler, Sa\u011fl\u0131k ve E\u015fitlik Bakanl\u0131\u011f\u0131 Saksonya-Anhalt<br \/>P.O. Box 39 11 55<br \/>39135 Magdeburg<\/p>\n<p>Telefon: + 49 (0) 391 567 6970<br \/>E-posta: <a href=\"mailto:mlbf@ms.sachsen-anhalt.de\">mlbf@ms.sachsen-anhalt.de<\/a> <\/p>\n<p>[\/et_pb_text][\/et_pb_column][\/et_pb_row][\/et_pb_section]<\/p>\n","protected":false},"excerpt":{"rendered":"<p>Hizmetlerin eri\u015filebilirli\u011fine ili\u015fkin deklarasyon Eri\u015filebilirlik beyan\u0131m\u0131z\u0131n bir par\u00e7as\u0131 olarak, a\u015fa\u011f\u0131da a\u00e7\u0131klanan hizmet(ler)in yasal d\u00fczenlemelere (\u00f6zellikle Eri\u015filebilirlik G\u00fc\u00e7lendirme Yasas\u0131 - BFSG) g\u00f6re eri\u015filebilirlik gerekliliklerine uygunluk durumu hakk\u0131nda size genel bir bilgi vermek istiyoruz. Hizmet sa\u011flay\u0131c\u0131n\u0131n detaylar\u0131 AquaMagis Plettenberg GmbHB\u00f6ddinghauser Feld 158840 Plettenberg E-posta: info@aquamagis.deTelefon: +49 (0) 2391 6055-0 Web sitesine ba\u011flant\u0131: https:\/\/www.aquamagis.de\/Yasal bildirime ba\u011flant\u0131: https:\/\/www.aquamagis.de\/impressum Hizmetin [&hellip;]<\/p>\n","protected":false},"author":2,"featured_media":0,"parent":0,"menu_order":0,"comment_status":"closed","ping_status":"closed","template":"","meta":{"_acf_changed":false,"_et_pb_use_builder":"on","_et_pb_old_content":"","_et_gb_content_width":"","footnotes":""},"class_list":["post-5233","page","type-page","status-publish","hentry"],"acf":[],"publishpress_future_action":{"enabled":false,"date":"2026-05-16 16:11:18","action":"change-status","newStatus":"draft","terms":[],"taxonomy":"translation_priority","extraData":[]},"publishpress_future_workflow_manual_trigger":{"enabledWorkflows":[]},"_links":{"self":[{"href":"https:\/\/www.aquamagis.de\/tr\/wp-json\/wp\/v2\/pages\/5233","targetHints":{"allow":["GET"]}}],"collection":[{"href":"https:\/\/www.aquamagis.de\/tr\/wp-json\/wp\/v2\/pages"}],"about":[{"href":"https:\/\/www.aquamagis.de\/tr\/wp-json\/wp\/v2\/types\/page"}],"author":[{"embeddable":true,"href":"https:\/\/www.aquamagis.de\/tr\/wp-json\/wp\/v2\/users\/2"}],"replies":[{"embeddable":true,"href":"https:\/\/www.aquamagis.de\/tr\/wp-json\/wp\/v2\/comments?post=5233"}],"version-history":[{"count":3,"href":"https:\/\/www.aquamagis.de\/tr\/wp-json\/wp\/v2\/pages\/5233\/revisions"}],"predecessor-version":[{"id":8396,"href":"https:\/\/www.aquamagis.de\/tr\/wp-json\/wp\/v2\/pages\/5233\/revisions\/8396"}],"wp:attachment":[{"href":"https:\/\/www.aquamagis.de\/tr\/wp-json\/wp\/v2\/media?parent=5233"}],"curies":[{"name":"wp","href":"https:\/\/api.w.org\/{rel}","templated":true}]}}