{"id":4818,"date":"2025-04-24T11:30:31","date_gmt":"2025-04-24T09:30:31","guid":{"rendered":"https:\/\/www.aquamagis.de\/sauna\/"},"modified":"2026-01-08T11:27:48","modified_gmt":"2026-01-08T10:27:48","slug":"sauna","status":"publish","type":"page","link":"https:\/\/www.aquamagis.de\/tr\/sauna\/","title":{"rendered":"Sauna"},"content":{"rendered":"<p>[et_pb_section fb_built=&#8221;1&#8243; custom_padding_last_edited=&#8221;off|tablet&#8221; module_class=&#8221;custom-mask-1&#8243; _builder_version=&#8221;4.27.4&#8243; _module_preset=&#8221;default&#8221; use_background_color_gradient=&#8221;on&#8221; background_color_gradient_direction=&#8221;90deg&#8221; background_color_gradient_stops=&#8221;#183647 30%|rgba(255,255,255,0) 100%&#8221; background_image=&#8221;https:\/\/www.aquamagis.de\/wp-content\/uploads\/2025\/03\/aquamagis-plettenberg-schwimmbad-spassbad-header_sauna-2.jpg&#8221; background_blend=&#8221;multiply&#8221; min_height_tablet=&#8221;&#8221; min_height_phone=&#8221;&#8221; min_height_last_edited=&#8221;on|phone&#8221; custom_padding=&#8221;6vh||0px||false|false&#8221; custom_padding_phone=&#8221;6vh||6vh||true|false&#8221; da_disable_devices=&#8221;off|off|off&#8221; locked=&#8221;off&#8221; global_colors_info=&#8221;{}&#8221; da_is_popup=&#8221;off&#8221; da_exit_intent=&#8221;off&#8221; da_has_close=&#8221;on&#8221; da_alt_close=&#8221;off&#8221; da_dark_close=&#8221;off&#8221; da_not_modal=&#8221;on&#8221; da_is_singular=&#8221;off&#8221; da_with_loader=&#8221;off&#8221; da_has_shadow=&#8221;on&#8221;][et_pb_row custom_padding_last_edited=&#8221;on|phone&#8221; _builder_version=&#8221;4.27.4&#8243; _module_preset=&#8221;default&#8221; custom_padding=&#8221;||2%||false|false&#8221; custom_padding_tablet=&#8221;||10%||false|false&#8221; custom_padding_phone=&#8221;||10%||false|false&#8221; global_colors_info=&#8221;{}&#8221;][et_pb_column type=&#8221;4_4&#8243; _builder_version=&#8221;4.27.4&#8243; _module_preset=&#8221;default&#8221; global_colors_info=&#8221;{}&#8221;][et_pb_text _builder_version=&#8221;4.27.4&#8243; _module_preset=&#8221;default&#8221; text_text_color=&#8221;#FFFFFF&#8221; text_font_size=&#8221;1.2em&#8221; text_line_height=&#8221;1.3em&#8221; header_font=&#8221;-et_global_heading_font|800|||||||&#8221; header_text_color=&#8221;#FFFFFF&#8221; header_2_text_color=&#8221;#FFFFFF&#8221; max_width=&#8221;70%&#8221; max_width_tablet=&#8221;100%&#8221; max_width_phone=&#8221;100%&#8221; max_width_last_edited=&#8221;on|tablet&#8221; text_font_size_last_edited=&#8221;off|phone&#8221; global_colors_info=&#8221;{}&#8221;]<\/p>\n<h1>AquaMagis&#8217;te tekstil saunalar\u0131<\/h1>\n<p class=\"p1\">Kendinize g\u00fcnl\u00fck ya\u015famdan bir mola verin ve Karayiplerden esinlenen bir ortamda rahatlat\u0131c\u0131 s\u0131cakl\u0131\u011f\u0131 deneyimleyin. \u00c7e\u015fitli tekstil saunalar\u0131m\u0131z size bedeniniz ve ruhunuz i\u00e7in rahatlama sunar - yeni ba\u015flayanlar ve aileler i\u00e7in ideal olan mayolarla sauna keyfinin tad\u0131n\u0131 \u00e7\u0131kar\u0131n. <\/p>\n<p>[\/et_pb_text][dipi_button_grid flex_direction=&#8221;row&#8221; justify_content=&#8221;flex-start&#8221; _builder_version=&#8221;4.27.4&#8243; _module_preset=&#8221;default&#8221; custom_button_grid=&#8221;on&#8221; button_grid_text_size=&#8221;20px&#8221; button_grid_border_width=&#8221;0px&#8221; button_grid_border_radius=&#8221;25px&#8221; button_grid_font=&#8221;|600||on|||||&#8221; button_grid_text_size_tablet=&#8221;20px&#8221; button_grid_text_size_phone=&#8221;16px&#8221; button_grid_text_size_last_edited=&#8221;on|phone&#8221; box_shadow_style_button_grid=&#8221;preset1&#8243; box_shadow_vertical_button_grid=&#8221;0px&#8221; box_shadow_blur_button_grid=&#8221;25px&#8221; box_shadow_color_button_grid=&#8221;rgba(255,255,255,0.7)&#8221; global_colors_info=&#8221;{}&#8221; transform_styles__hover_enabled=&#8221;on|hover&#8221; transform_scale__hover_enabled=&#8221;on|hover&#8221; transform_translate__hover_enabled=&#8221;on|desktop&#8221; transform_rotate__hover_enabled=&#8221;on|desktop&#8221; transform_skew__hover_enabled=&#8221;on|desktop&#8221; transform_origin__hover_enabled=&#8221;on|desktop&#8221;][dipi_button_grid_child button_id=&#8221;Karibik Island&#8221; button_type=&#8221;dp_button&#8221; button_text=&#8221;Karayip Adas\u0131&#8221; button_link=&#8221;https:\/\/www.aquamagis.de\/tr\/sauna\/#karibik-island&#8221; button_link_target=&#8221;off&#8221; _builder_version=&#8221;4.27.4&#8243; _module_preset=&#8221;default&#8221; custom_button=&#8221;on&#8221; button_text_color=&#8221;#FFFFFF&#8221; button_bg_color=&#8221;#183647&#8243; global_colors_info=&#8221;{}&#8221; transform_styles__hover_enabled=&#8221;on|hover&#8221; transform_scale__hover_enabled=&#8221;on|hover&#8221; transform_translate__hover_enabled=&#8221;on|desktop&#8221; transform_rotate__hover_enabled=&#8221;on|desktop&#8221; transform_skew__hover_enabled=&#8221;on|desktop&#8221; transform_origin__hover_enabled=&#8221;on|desktop&#8221; transform_scale__hover=&#8221;105%|105%&#8221; custom_css_button_type_last_edited=&#8221;on|phone&#8221; custom_css_button_type_phone=&#8221;width: 300px !important;||text-align: center !important;&#8221;][\/dipi_button_grid_child][dipi_button_grid_child button_id=&#8221;Relax-Area&#8221; button_type=&#8221;dp_button&#8221; button_text=&#8221;Rahatlama Alan\u0131&#8221; button_link=&#8221;https:\/\/www.aquamagis.de\/tr\/sauna\/#relax-area&#8221; button_link_target=&#8221;off&#8221; _builder_version=&#8221;4.27.4&#8243; _module_preset=&#8221;default&#8221; custom_button=&#8221;on&#8221; button_text_color=&#8221;#000000&#8243; button_bg_color=&#8221;#FBBA00&#8243; global_colors_info=&#8221;{}&#8221; transform_styles__hover_enabled=&#8221;on|hover&#8221; transform_scale__hover_enabled=&#8221;on|hover&#8221; transform_translate__hover_enabled=&#8221;on|desktop&#8221; transform_rotate__hover_enabled=&#8221;on|desktop&#8221; transform_skew__hover_enabled=&#8221;on|desktop&#8221; transform_origin__hover_enabled=&#8221;on|desktop&#8221; transform_scale__hover=&#8221;105%|105%&#8221; custom_css_button_type_last_edited=&#8221;on|phone&#8221; custom_css_button_type_phone=&#8221;width: 300px !important;||text-align: center !important;&#8221;][\/dipi_button_grid_child][\/dipi_button_grid][\/et_pb_column][\/et_pb_row][et_pb_row _builder_version=&#8221;4.27.4&#8243; _module_preset=&#8221;default&#8221; width=&#8221;100%&#8221; max_width=&#8221;100%&#8221; custom_margin=&#8221;0px|0px|0px|0px|false|false&#8221; custom_padding=&#8221;0px|0px|0px|0px|false|false&#8221; locked=&#8221;off&#8221; global_colors_info=&#8221;{}&#8221;][et_pb_column type=&#8221;4_4&#8243; _builder_version=&#8221;4.27.4&#8243; _module_preset=&#8221;default&#8221; global_colors_info=&#8221;{}&#8221;][et_pb_image src=&#8221;https:\/\/www.aquamagis.de\/wp-content\/uploads\/2025\/03\/Welle_AquaMagis.svg&#8221; _builder_version=&#8221;4.27.4&#8243; _module_preset=&#8221;default&#8221; global_colors_info=&#8221;{}&#8221;][\/et_pb_image][\/et_pb_column][\/et_pb_row][\/et_pb_section][et_pb_section fb_built=&#8221;1&#8243; module_id=&#8221;karayi\u0307p-adasi&#8221; _builder_version=&#8221;4.27.4&#8243; _module_preset=&#8221;default&#8221; background_color=&#8221;#183647&#8243; custom_padding=&#8221;0px||||false|false&#8221; da_disable_devices=&#8221;off|off|off&#8221; locked=&#8221;off&#8221; global_colors_info=&#8221;{}&#8221; da_is_popup=&#8221;off&#8221; da_exit_intent=&#8221;off&#8221; da_has_close=&#8221;on&#8221; da_alt_close=&#8221;off&#8221; da_dark_close=&#8221;off&#8221; da_not_modal=&#8221;on&#8221; da_is_singular=&#8221;off&#8221; da_with_loader=&#8221;off&#8221; da_has_shadow=&#8221;on&#8221;][et_pb_row column_structure=&#8221;3_5,2_5&#8243; _builder_version=&#8221;4.27.4&#8243; _module_preset=&#8221;default&#8221; global_colors_info=&#8221;{}&#8221;][et_pb_column type=&#8221;3_5&#8243; _builder_version=&#8221;4.27.4&#8243; _module_preset=&#8221;default&#8221; global_colors_info=&#8221;{}&#8221;][et_pb_text _builder_version=&#8221;4.27.4&#8243; _module_preset=&#8221;default&#8221; text_text_color=&#8221;#FFFFFF&#8221; link_font=&#8221;||||on||||&#8221; link_text_color=&#8221;#FFFFFF&#8221; header_2_text_color=&#8221;#FFFFFF&#8221; header_2_font_size=&#8221;45px&#8221; header_3_text_color=&#8221;#FFFFFF&#8221; header_3_font_size=&#8221;35px&#8221; header_4_text_color=&#8221;#FFFFFF&#8221; locked=&#8221;off&#8221; global_colors_info=&#8221;{}&#8221; link_text_color__hover_enabled=&#8221;on|hover&#8221; link_text_color__hover=&#8221;#FBBA00&#8243;]<\/p>\n<h2>Karayip Adas\u0131&#8221; sauna alan\u0131<\/h2>\n<h3>Tatil hissi ile sauna ve rahatlama<\/h3>\n<p>G\u00fcnl\u00fck hayattan uzakla\u015f\u0131n ve kendinizi KARIBIK Adas\u0131&#8217;n\u0131n tropikal d\u00fcnyas\u0131na b\u0131rak\u0131n! Sizi uzak diyarlara g\u00f6t\u00fcrecek d\u00f6rt temal\u0131 tekstil saunas\u0131 burada sizi bekliyor: <\/p>\n<p>-<strong> BEACH-House-Sauna<\/strong> - T\u00fcm kompleksin manzaras\u0131na sahip kaz\u0131klar \u00fczerinde sauna.<br \/>- <strong>KUBA-Sauna<\/strong> - Karayip ambiyans\u0131 ile yakla\u015f\u0131k 80 \u00b0C Fin saunas\u0131.<br \/>- <strong>MEXICO-Sauna<\/strong> - Yakla\u015f\u0131k 70 \u00b0C&#8217;de hafif sauna, saunaya yeni ba\u015flayanlar i\u00e7in ideal.<br \/>- <strong>JAMAIKA-Sauna<\/strong> - M\u00fczikal havas\u0131 ve yakla\u015f\u0131k 80 \u00b0C ile sauna.<\/p>\n<p>Sauna seans\u0131ndan sonra <a href=\"https:\/\/www.aquamagis.de\/tr\/banyo-ve-yuezme\/\">macera nehrinde<\/a> nazik\u00e7e y\u00fczebilir ya da sezonluk a\u00e7\u0131k havuzuyla saf bir tatil atmosferi sunan Karayip bah\u00e7esinde dinlenebilirsiniz.<\/p>\n<p>\u0130ster aksiyon dolu kayd\u0131rak e\u011flencesinden sonra, isterse de arada bir - KARIBIK Adas\u0131, AquaMagis&#8217;teki tropikal iyi hissetme yerinizdir!<\/p>\n<p>[\/et_pb_text][\/et_pb_column][et_pb_column type=&#8221;2_5&#8243; _builder_version=&#8221;4.27.4&#8243; _module_preset=&#8221;default&#8221; global_colors_info=&#8221;{}&#8221;][dipi_image_gallery _builder_version=&#8221;4.27.4&#8243; _module_preset=&#8221;default&#8221; global_colors_info=&#8221;{}&#8221;][dipi_image_gallery_child item_image=&#8221;https:\/\/www.aquamagis.de\/wp-content\/uploads\/2025\/03\/aquamagis-plettenberg-schwimmbad-spassbad-saunen-beachhouse-sauna.jpg&#8221; _builder_version=&#8221;4.27.4&#8243; _module_preset=&#8221;default&#8221; global_colors_info=&#8221;{}&#8221;][\/dipi_image_gallery_child][dipi_image_gallery_child item_image=&#8221;https:\/\/www.aquamagis.de\/wp-content\/uploads\/2025\/03\/aquamagis-plettenberg-schwimmbad-spassbad-saunen-karibik-island-2.jpg&#8221; _builder_version=&#8221;4.27.4&#8243; _module_preset=&#8221;default&#8221; global_colors_info=&#8221;{}&#8221;][\/dipi_image_gallery_child][dipi_image_gallery_child item_image=&#8221;https:\/\/www.aquamagis.de\/wp-content\/uploads\/2025\/03\/aquamagis-plettenberg-schwimmbad-spassbad-saunen-karibik-island.jpg&#8221; _builder_version=&#8221;4.27.4&#8243; _module_preset=&#8221;default&#8221; global_colors_info=&#8221;{}&#8221;][\/dipi_image_gallery_child][\/dipi_image_gallery][\/et_pb_column][\/et_pb_row][\/et_pb_section][et_pb_section fb_built=&#8221;1&#8243; module_id=&#8221;relax-area&#8221; _builder_version=&#8221;4.27.4&#8243; _module_preset=&#8221;default&#8221; background_enable_color=&#8221;off&#8221; custom_padding=&#8221;||50px|||&#8221; da_disable_devices=&#8221;off|off|off&#8221; locked=&#8221;off&#8221; global_colors_info=&#8221;{}&#8221; da_is_popup=&#8221;off&#8221; da_exit_intent=&#8221;off&#8221; da_has_close=&#8221;on&#8221; da_alt_close=&#8221;off&#8221; da_dark_close=&#8221;off&#8221; da_not_modal=&#8221;on&#8221; da_is_singular=&#8221;off&#8221; da_with_loader=&#8221;off&#8221; da_has_shadow=&#8221;on&#8221;][et_pb_row column_structure=&#8221;2_5,3_5&#8243; _builder_version=&#8221;4.27.4&#8243; _module_preset=&#8221;default&#8221; custom_padding=&#8221;||29px|||&#8221; global_colors_info=&#8221;{}&#8221;][et_pb_column type=&#8221;2_5&#8243; _builder_version=&#8221;4.27.4&#8243; _module_preset=&#8221;default&#8221; global_colors_info=&#8221;{}&#8221;][dipi_image_gallery _builder_version=&#8221;4.27.4&#8243; _module_preset=&#8221;default&#8221; global_colors_info=&#8221;{}&#8221;][dipi_image_gallery_child item_image=&#8221;https:\/\/www.aquamagis.de\/wp-content\/uploads\/2025\/03\/aquamagis-plettenberg-schwimmbad-spassbad-header_sauna-2.jpg&#8221; _builder_version=&#8221;4.27.4&#8243; _module_preset=&#8221;default&#8221; global_colors_info=&#8221;{}&#8221;][\/dipi_image_gallery_child][dipi_image_gallery_child item_image=&#8221;https:\/\/www.aquamagis.de\/wp-content\/uploads\/2025\/03\/aquamagis-plettenberg-schwimmbad-spassbad-saunen-aufguss-sauna.jpg&#8221; _builder_version=&#8221;4.27.4&#8243; _module_preset=&#8221;default&#8221; global_colors_info=&#8221;{}&#8221;][\/dipi_image_gallery_child][dipi_image_gallery_child item_image=&#8221;https:\/\/www.aquamagis.de\/wp-content\/uploads\/2025\/03\/aquamagis-plettenberg-schwimmbad-spassbad-saunen-waermebad.jpg&#8221; _builder_version=&#8221;4.27.4&#8243; _module_preset=&#8221;default&#8221; global_colors_info=&#8221;{}&#8221;][\/dipi_image_gallery_child][dipi_image_gallery_child item_image=&#8221;https:\/\/www.aquamagis.de\/wp-content\/uploads\/2025\/03\/aquamagis-plettenberg-schwimmbad-spassbad-saunen-waermebad.jpg&#8221; _builder_version=&#8221;4.27.4&#8243; _module_preset=&#8221;default&#8221; global_colors_info=&#8221;{}&#8221;][\/dipi_image_gallery_child][\/dipi_image_gallery][\/et_pb_column][et_pb_column type=&#8221;3_5&#8243; _builder_version=&#8221;4.27.4&#8243; _module_preset=&#8221;default&#8221; global_colors_info=&#8221;{}&#8221;][et_pb_text _builder_version=&#8221;4.27.5&#8243; _module_preset=&#8221;default&#8221; hover_enabled=&#8221;0&#8243; locked=&#8221;off&#8221; global_colors_info=&#8221;{}&#8221; sticky_enabled=&#8221;0&#8243;]<\/p>\n<h3>RELAX-AREA&#8221; sauna alan\u0131<\/h3>\n<h4>AquaMagis&#8217;in &#8220;\u00e7at\u0131lar\u0131n\u0131n&#8221; \u00fczerinde \u00f6zel inziva yeri<\/h4>\n<p>Aksiyon ve su e\u011flencesinden sonra \u00f6zel bir rahatlama ar\u0131yorsan\u0131z, RELAX AREA tam size g\u00f6re! Burada k\u00fc\u00e7\u00fck molalar\u0131n\u0131z i\u00e7in m\u00fckemmel olan alt\u0131 adet \u00f6zel tekstil saunas\u0131<strong>(giri\u015f \u00fccretlidir<\/strong>) bulacaks\u0131n\u0131z: <\/p>\n<ul>\n<li><strong>Panorama sauna<\/strong> - Lenne vadisi ve Sauerland da\u011flar\u0131 manzaral\u0131.<br \/><strong><\/strong><\/li>\n<li><strong>\u0130nf\u00fczyon sa<\/strong> unas\u0131 - Fin k\u00fct\u00fck saunas\u0131nda d\u00fczenli etkinlik <strong>inf\u00fczyonlar\u0131.<\/strong> <br \/><strong><\/strong><\/li>\n<li><strong>Bio sauna<\/strong> - yakla\u015f\u0131k 60 \u00b0C&#8217;de ve %20 nemde hafif s\u0131cakl\u0131k.<br \/><strong><\/strong><\/li>\n<li><strong>K\u0131z\u0131l\u00f6tesi sauna<\/strong> - Kas gev\u015femesi i\u00e7in rahatlat\u0131c\u0131 derin \u0131s\u0131.<br \/><strong><\/strong><\/li>\n<li><strong>Is\u0131 banyosu<\/strong> - yakla\u015f\u0131k 40 \u00b0C&#8217;de s\u0131cak mozaik ta\u015flar \u00fczerinde rahatlama.<\/li>\n<\/ul>\n<p>Tekstil saunalara ek olarak, temiz hava alan\u0131na sahip \u00e7at\u0131 teras\u0131 sizi derin bir nefes almaya davet ediyor. Rahat dinlenme odalar\u0131 ve modern du\u015f alanlar\u0131 iyi hissettiren deneyimi tamaml\u0131yor. <\/p>\n<p><strong>\u0130pucu:<\/strong> Ki\u015fisel \u015fezlongunuzu do\u011frudan bilet masas\u0131ndan temin edin - yo\u011fun g\u00fcnlerde dinlendirici bir mola i\u00e7in m\u00fckemmel! <a href=\"#faq\">Bu konuda daha fazla bilgiyi SSS b\u00f6l\u00fcm\u00fcm\u00fczde bulabilirsiniz<\/a>.<\/p>\n<p><em>Not: <span>RelaxArea hafta sonlar\u0131 ve resmi tatillerde \u00fccret kar\u015f\u0131l\u0131\u011f\u0131nda a\u00e7\u0131kt\u0131r. <\/span> <\/em><\/p>\n<p>[\/et_pb_text][\/et_pb_column][\/et_pb_row][et_pb_row column_structure=&#8221;1_2,1_2&#8243; module_id=&#8221;faq&#8221; _builder_version=&#8221;4.27.4&#8243; _module_preset=&#8221;default&#8221; custom_padding=&#8221;54px||0px|||&#8221; global_colors_info=&#8221;{}&#8221;][et_pb_column type=&#8221;1_2&#8243; _builder_version=&#8221;4.27.4&#8243; _module_preset=&#8221;default&#8221; global_colors_info=&#8221;{}&#8221;][et_pb_text _builder_version=&#8221;4.27.4&#8243; _module_preset=&#8221;default&#8221; custom_margin=&#8221;||29px|||&#8221; locked=&#8221;off&#8221; global_colors_info=&#8221;{}&#8221;]<\/p>\n<h3>Sauna g\u00f6rg\u00fc kurallar\u0131<\/h3>\n<p class=\"p1\">L\u00fctfen a\u015fa\u011f\u0131daki kurallara uyunuz:  <\/p>\n<ol>\n<li class=\"p1\">Saunalar\u0131m\u0131z tekstil saunalar\u0131d\u0131r, l\u00fctfen y\u00fczme k\u0131yafeti, bikini veya mayo giyin!<\/li>\n<li class=\"p1\">L\u00fctfen sauna seans\u0131n\u0131zdan \u00f6nce ve sonra du\u015f al\u0131n.<\/li>\n<li class=\"p1\">\u0130nf\u00fczyonlar sadece AquaMagis personeli taraf\u0131ndan ger\u00e7ekle\u015ftirilebilir<\/li>\n<li class=\"p1\">L\u00fctfen saunalardaki ah\u015fap banklar\u0131n alt\u0131na bir havlu yerle\u015ftirin.<\/li>\n<li class=\"p1\">Saunalarda cep telefonu, i\u00e7ecek vb. \u015feylere izin verilmez.  <\/li>\n<li class=\"p1\">Di\u011fer konuklar\u0131n rahats\u0131z olmamas\u0131 i\u00e7in l\u00fctfen sessiz olun.<\/li>\n<\/ol>\n<p>\u00c7ok te\u015fekk\u00fcr ederim ve iyi dinlenmeler!  <\/p>\n<p>[\/et_pb_text][\/et_pb_column][et_pb_column type=&#8221;1_2&#8243; _builder_version=&#8221;4.27.4&#8243; _module_preset=&#8221;default&#8221; global_colors_info=&#8221;{}&#8221;][et_pb_image src=&#8221;https:\/\/www.aquamagis.de\/wp-content\/uploads\/2025\/03\/aquamagis-plettenberg-schwimmbad-spassbad-saunen-karibik-island-3.jpg&#8221; title_text=&#8221;aquamagis-plettenberg-y\u00fczme-havuzu-e\u011flence-havuzu-sauna-karayip-adasi-3&#8243; _builder_version=&#8221;4.27.4&#8243; _module_preset=&#8221;default&#8221; global_colors_info=&#8221;{}&#8221;][\/et_pb_image][\/et_pb_column][\/et_pb_row][et_pb_row module_id=&#8221;faq&#8221; _builder_version=&#8221;4.27.4&#8243; _module_preset=&#8221;default&#8221; custom_padding=&#8221;54px|||||&#8221; global_colors_info=&#8221;{}&#8221;][et_pb_column type=&#8221;4_4&#8243; _builder_version=&#8221;4.27.4&#8243; _module_preset=&#8221;default&#8221; global_colors_info=&#8221;{}&#8221;][et_pb_text _builder_version=&#8221;4.27.4&#8243; _module_preset=&#8221;default&#8221; custom_margin=&#8221;||29px|||&#8221; locked=&#8221;off&#8221; global_colors_info=&#8221;{}&#8221;]<\/p>\n<h3>SSS - S\u0131k\u00e7a sorulan sorular<\/h3>\n<p>[\/et_pb_text][dipi_faq faq_categories=&#8221;56&#8243; heading_tag=&#8221;h4&#8243; icon_animate=&#8221;on&#8221; icon_closed=&#8221;&#x47;||divi||400&#8243; icon_open=&#8221;&#x46;||divi||400&#8243; icon_open_color=&#8221;#FFFFFF&#8221; icon_closed_color=&#8221;#FFFFFF&#8221; icon_open_font_size=&#8221;26px&#8221; icon_closed_font_size=&#8221;26px&#8221; entry_background_closed=&#8221;#183647&#8243; entry_background_open=&#8221;#FFFFFF&#8221; title_background_closed=&#8221;#183647&#8243; content_padding_closed=&#8221;20px||20px|20px|false|false&#8221; content_padding_open=&#8221;20px|20px|20px|20px|true|true&#8221; _builder_version=&#8221;4.27.4&#8243; _module_preset=&#8221;default&#8221; title_closed_font=&#8221;|600||on|||||&#8221; title_closed_text_color=&#8221;#FFFFFF&#8221; title_closed_font_size=&#8221;20px&#8221; custom_margin=&#8221;||29px|||&#8221; global_colors_info=&#8221;{}&#8221;][\/dipi_faq][et_pb_text _builder_version=&#8221;4.27.4&#8243; _module_preset=&#8221;default&#8221; global_colors_info=&#8221;{}&#8221;]<\/p>\n<p>AquaMagis su park\u0131n\u0131 ziyaretinizle ilgili ba\u015fka sorular\u0131n\u0131z m\u0131 var? O zaman sorunuzun cevab\u0131n\u0131 bulabilece\u011finiz <a href=\"https:\/\/www.aquamagis.de\/tr\/sss\/\">SSS sayfas\u0131na bir g\u00f6z at\u0131n<\/a>.   <\/p>\n<p>[\/et_pb_text][\/et_pb_column][\/et_pb_row][\/et_pb_section]<\/p>\n","protected":false},"excerpt":{"rendered":"<p>AquaMagis&#8217;te tekstil saunalar\u0131 Kendinize g\u00fcnl\u00fck ya\u015famdan bir mola verin ve Karayiplerden esinlenen bir ortamda rahatlat\u0131c\u0131 s\u0131cakl\u0131\u011f\u0131 deneyimleyin. \u00c7e\u015fitli tekstil saunalar\u0131m\u0131z size bedeniniz ve ruhunuz i\u00e7in rahatlama sunar - yeni ba\u015flayanlar ve aileler i\u00e7in ideal olan mayolarla sauna keyfinin tad\u0131n\u0131 \u00e7\u0131kar\u0131n. <div class=\"et_pb_module dipi_button_grid dipi_button_grid_0\">\n\t\t\t\t\n\t\t\t\t\n\t\t\t\t\n\t\t\t\t\n\t\t\t\t\n\t\t\t\t\n\t\t\t\t<div class=\"et_pb_module_inner\">\n\t\t\t\t\t<div class=\"dipi-button-grid-container\">\n                \n            <\/div>\n\t\t\t\t<\/div>\n\t\t\t<\/div><\/p>\n","protected":false},"author":1,"featured_media":0,"parent":0,"menu_order":0,"comment_status":"closed","ping_status":"closed","template":"","meta":{"_acf_changed":false,"_et_pb_use_builder":"on","_et_pb_old_content":"","_et_gb_content_width":"","footnotes":""},"class_list":["post-4818","page","type-page","status-publish","hentry"],"acf":[],"publishpress_future_action":{"enabled":false,"date":"2026-05-16 16:12:52","action":"change-status","newStatus":"draft","terms":[],"taxonomy":"translation_priority","extraData":[]},"publishpress_future_workflow_manual_trigger":{"enabledWorkflows":[]},"_links":{"self":[{"href":"https:\/\/www.aquamagis.de\/tr\/wp-json\/wp\/v2\/pages\/4818","targetHints":{"allow":["GET"]}}],"collection":[{"href":"https:\/\/www.aquamagis.de\/tr\/wp-json\/wp\/v2\/pages"}],"about":[{"href":"https:\/\/www.aquamagis.de\/tr\/wp-json\/wp\/v2\/types\/page"}],"author":[{"embeddable":true,"href":"https:\/\/www.aquamagis.de\/tr\/wp-json\/wp\/v2\/users\/1"}],"replies":[{"embeddable":true,"href":"https:\/\/www.aquamagis.de\/tr\/wp-json\/wp\/v2\/comments?post=4818"}],"version-history":[{"count":3,"href":"https:\/\/www.aquamagis.de\/tr\/wp-json\/wp\/v2\/pages\/4818\/revisions"}],"predecessor-version":[{"id":8741,"href":"https:\/\/www.aquamagis.de\/tr\/wp-json\/wp\/v2\/pages\/4818\/revisions\/8741"}],"wp:attachment":[{"href":"https:\/\/www.aquamagis.de\/tr\/wp-json\/wp\/v2\/media?parent=4818"}],"curies":[{"name":"wp","href":"https:\/\/api.w.org\/{rel}","templated":true}]}}