{"id":4794,"date":"2025-04-24T11:30:30","date_gmt":"2025-04-24T09:30:30","guid":{"rendered":"https:\/\/www.aquamagis.de\/varis\/"},"modified":"2025-08-04T14:35:38","modified_gmt":"2025-08-04T12:35:38","slug":"varis","status":"publish","type":"page","link":"https:\/\/www.aquamagis.de\/tr\/varis\/","title":{"rendered":"Var\u0131\u015f"},"content":{"rendered":"<p>[et_pb_section fb_built=&#8221;1&#8243; custom_padding_last_edited=&#8221;on|tablet&#8221; module_class=&#8221;custom-mask-1&#8243; _builder_version=&#8221;4.27.4&#8243; _module_preset=&#8221;default&#8221; background_enable_image=&#8221;off&#8221; background_blend=&#8221;multiply&#8221; min_height_last_edited=&#8221;off|tablet&#8221; custom_padding=&#8221;4vh||0px||false|false&#8221; custom_padding_tablet=&#8221;10vh||||false|false&#8221; custom_padding_phone=&#8221;8vh||||false|false&#8221; locked=&#8221;off&#8221; global_colors_info=&#8221;{}&#8221;][et_pb_row custom_padding_last_edited=&#8221;on|tablet&#8221; _builder_version=&#8221;4.27.4&#8243; _module_preset=&#8221;default&#8221; custom_padding=&#8221;8px||0%||false|false&#8221; custom_padding_tablet=&#8221;8px||0%||false|false&#8221; custom_padding_phone=&#8221;8px||0%||false|false&#8221; global_colors_info=&#8221;{}&#8221;][et_pb_column type=&#8221;4_4&#8243; _builder_version=&#8221;4.27.4&#8243; _module_preset=&#8221;default&#8221; global_colors_info=&#8221;{}&#8221;][et_pb_text _builder_version=&#8221;4.27.4&#8243; _module_preset=&#8221;default&#8221; text_text_color=&#8221;#000000&#8243; header_font=&#8221;-et_global_heading_font|800|||||||&#8221; header_text_color=&#8221;#183647&#8243; header_2_text_color=&#8221;#FFFFFF&#8221; custom_padding=&#8221;||0.1%||false|false&#8221; custom_padding_tablet=&#8221;||0%||false|false&#8221; custom_padding_phone=&#8221;||0%||false|false&#8221; custom_padding_last_edited=&#8221;on|phone&#8221; global_colors_info=&#8221;{}&#8221;]<\/p>\n<h1>AquaMagis&#8217;e giden yol<\/h1>\n<p>\u0130ster arabayla ister toplu ta\u015f\u0131ma ara\u00e7lar\u0131yla seyahat edin: Plettenberg in the Sauerland&#8217;daki AquaMagis macera havuzuna ula\u015fmak i\u00e7in ihtiyac\u0131n\u0131z olan t\u00fcm bilgileri burada bulabilirsiniz.  <\/p>\n<p>[\/et_pb_text][\/et_pb_column][\/et_pb_row][\/et_pb_section][et_pb_section fb_built=&#8221;1&#8243; _builder_version=&#8221;4.27.4&#8243; _module_preset=&#8221;default&#8221; background_enable_color=&#8221;off&#8221; custom_padding=&#8221;0px||||false|false&#8221; global_colors_info=&#8221;{}&#8221;][et_pb_row column_structure=&#8221;1_2,1_2&#8243; _builder_version=&#8221;4.27.4&#8243; _module_preset=&#8221;default&#8221; custom_padding=&#8221;||29px|||&#8221; global_colors_info=&#8221;{}&#8221;][et_pb_column type=&#8221;1_2&#8243; _builder_version=&#8221;4.27.4&#8243; _module_preset=&#8221;default&#8221; global_colors_info=&#8221;{}&#8221;][et_pb_text _builder_version=&#8221;4.27.4&#8243; _module_preset=&#8221;default&#8221; text_text_color=&#8221;#000000&#8243; header_2_text_color=&#8221;#183647&#8243; global_colors_info=&#8221;{}&#8221;]<\/p>\n<h2>Araba ile seyahat<\/h2>\n<p>Navigasyon cihaz\u0131n\u0131z i\u00e7in adres:<br \/>AquaMagis Plettenberg GmbH<br \/>B\u00f6ddinghauser Feld 1<br \/>58840 Plettenberg<\/p>\n<p><em>Not: Navigasyon cihaz\u0131n\u0131z &#8220;B\u00f6ddinghauser Feld 1&#8221; adresini bulamazsa, l\u00fctfen hedef sokak olarak &#8220;Albert-Schweitzer-Stra\u00dfe&#8221; girin.<\/em><\/p>\n<p>AquaMagis macera havuzunun hemen yan\u0131nda yeterli say\u0131da \u00fccretsiz ara\u00e7 park yeri mevcuttur.<\/p>\n<p>[\/et_pb_text][\/et_pb_column][et_pb_column type=&#8221;1_2&#8243; _builder_version=&#8221;4.27.4&#8243; _module_preset=&#8221;default&#8221; global_colors_info=&#8221;{}&#8221;][et_pb_code _builder_version=&#8221;4.27.4&#8243; _module_preset=&#8221;default&#8221; global_colors_info=&#8221;{}&#8221;] <\/p>\n<div class=\"brlbs-cmpnt-container brlbs-cmpnt-content-blocker brlbs-cmpnt-with-individual-styles\" data-borlabs-cookie-content-blocker-id=\"google-maps\" data-borlabs-cookie-content=\"PGlmcmFtZSBzcmM9Imh0dHBzOi8vd3d3Lmdvb2dsZS5jb20vbWFwcy9lbWJlZD9wYj0hMW0xOCExbTEyITFtMyExZDQ5OTYuODE1MTM3MTk3ODY2NSEyZDcuODUxMzc1NDUwMDE5MDY4ITNkNTEuMjI5OTg4MzYwNzY4OTkhMm0zITFmMCEyZjAhM2YwITNtMiExaTEwMjQhMmk3NjghNGYxMy4xITNtMyExbTIhMXMweDQ3Yjk1MDZhYzA5ZDIyOTMlM0EweGVkN2VhODMxOGIwMmQwODIhMnNFcmxlYm5pc2JhZCUyMEFxdWFNYWdpcyUyMFBsZXR0ZW5iZXJnITVlMCEzbTIhMXNkZSEyc2RlITR2MTc0MjU1NjQwODgxMyE1bTIhMXNkZSEyc2RlIiB3aWR0aD0iMTAwJSIgaGVpZ2h0PSI0MDAiIHN0eWxlPSJib3JkZXI6MDsiIGFsbG93ZnVsbHNjcmVlbj0iIiBsb2FkaW5nPSJsYXp5IiByZWZlcnJlcnBvbGljeT0ibm8tcmVmZXJyZXItd2hlbi1kb3duZ3JhZGUiPjwvaWZyYW1lPg==\">\n<div class=\"brlbs-cmpnt-cb-preset-b brlbs-cmpnt-cb-google-maps\">\n<div class=\"brlbs-cmpnt-cb-thumbnail\" style=\"background-image: url('https:\/\/www.aquamagis.de\/wp-content\/uploads\/borlabs-cookie\/1\/brlbs-cb-google-maps-main.png')\"><\/div>\n<div class=\"brlbs-cmpnt-cb-main\">\n<div class=\"brlbs-cmpnt-cb-content\">\n<p class=\"brlbs-cmpnt-cb-description\">\u015eu anda <strong>Google Maps<\/strong> \u015feklinde bir yer tutucu i\u00e7erik g\u00f6r\u00fcyorsunuz. Ger\u00e7ek i\u00e7eri\u011fe eri\u015fmek i\u00e7in a\u015fa\u011f\u0131daki d\u00fc\u011fmeye t\u0131klay\u0131n. Verilerin \u00fc\u00e7\u00fcnc\u00fc taraf sa\u011flay\u0131c\u0131lara aktar\u0131laca\u011f\u0131n\u0131 l\u00fctfen unutmay\u0131n.<\/p>\n<p> <a class=\"brlbs-cmpnt-cb-provider-toggle\" href=\"#\" data-borlabs-cookie-show-provider-information role=\"button\">Daha fazla bilgi<\/a> <\/div>\n<div class=\"brlbs-cmpnt-cb-buttons\"> <a class=\"brlbs-cmpnt-cb-btn\" href=\"#\" data-borlabs-cookie-unblock role=\"button\">\u0130\u00e7eri\u011fin kilidini a\u00e7<\/a> <a class=\"brlbs-cmpnt-cb-btn\" href=\"#\" data-borlabs-cookie-accept-service role=\"button\" style=\"display: inherit\">Gerekli hizmeti kabul edin ve i\u00e7erik engelini kald\u0131r\u0131n<\/a> <\/div>\n<\/p><\/div>\n<\/p><\/div>\n<\/div>\n<p>[\/et_pb_code][\/et_pb_column][\/et_pb_row][et_pb_row _builder_version=&#8221;4.27.4&#8243; _module_preset=&#8221;default&#8221; custom_padding=&#8221;29px|||||&#8221; global_colors_info=&#8221;{}&#8221;][et_pb_column type=&#8221;4_4&#8243; _builder_version=&#8221;4.27.4&#8243; _module_preset=&#8221;default&#8221; global_colors_info=&#8221;{}&#8221;][et_pb_text _builder_version=&#8221;4.27.4&#8243; _module_preset=&#8221;default&#8221; text_text_color=&#8221;#000000&#8243; header_text_color=&#8221;#183647&#8243; header_2_text_color=&#8221;#183647&#8243; custom_margin=&#8221;||50px|||&#8221; global_colors_info=&#8221;{}&#8221;]<\/p>\n<h2>Toplu ta\u015f\u0131ma ile seyahat<\/h2>\n<h4>Tren ile:<\/h4>\n<p>Siegen, Hagen, Bochum veya Essen&#8217;den tren de\u011fi\u015ftirmeden rahat yolculuk. Var\u0131\u015f istasyonu Plettenberg - Eiringhausen b\u00f6lgesidir. G\u00fcncel tarifeler ve daha fazla bilgi <a href=\"https:\/\/www.bahn.de\/\">Deutsche Bahn<\/a> web sitesinde bulunabilir.  <\/p>\n<h4>Plettenberg (Eiringhausen) tren istasyonundan AquaMagis&#8217;e:<\/h4>\n<p><strong>Y\u00fcr\u00fcyerek:<\/strong><\/p>\n<ul>\n<li>Tren istasyonundan 25 dakikal\u0131k bir y\u00fcr\u00fcy\u00fc\u015fle do\u011frudan AquaMagis&#8217;e ula\u015fabilirsiniz.  <a href=\"https:\/\/maps.app.goo.gl\/L2Qi99DQChx928Q3A\" target=\"_blank\" rel=\"noopener\">Rotay\u0131 Google Haritalar&#8217;da buradan bulabilirsiniz.<\/a><\/li>\n<\/ul>\n<p><strong>Otob\u00fcs ile:<\/strong><\/p>\n<ul>\n<li>S2 hatt\u0131: &#8220;Ohle Kolonie&#8221; dura\u011f\u0131na. Oradan y\u00fcr\u00fcyerek yakla\u015f\u0131k 10 dakika. <a href=\"https:\/\/maps.app.goo.gl\/G3M1aDyAFRL1bLbQ6\" target=\"_blank\" rel=\"noopener\">\u0130\u015fte Google Haritalar&#8217;daki patika.<\/a> <\/li>\n<li>Hat 75: &#8220;B\u00f6ddinghausen Br\u00fccke&#8221; dura\u011f\u0131nda (tren istasyonunun yak\u0131n\u0131nda) inin ve &#8220;AquaMagis-Resort&#8221; dura\u011f\u0131nda inin. Buras\u0131 macera havuzunun hemen yan\u0131nda yer almaktad\u0131r. <\/li>\n<\/ul>\n<p>G\u00fcncel tarifeler ve daha fazla bilgi <a href=\"https:\/\/mvg-aktuell.de\/\">MVG - M\u00e4rkische Verkehrsgesellschaft<\/a>&#8216;\u0131n web sitesinde bulunabilir.<\/p>\n<p>[\/et_pb_text][et_pb_text _builder_version=&#8221;4.27.4&#8243; _module_preset=&#8221;default&#8221; text_text_color=&#8221;#000000&#8243; header_text_color=&#8221;#183647&#8243; header_2_text_color=&#8221;#183647&#8243; global_colors_info=&#8221;{}&#8221;]<\/p>\n<h2>Herhangi bir sorunuz var m\u0131?<\/h2>\n<p class=\"p1\">Ayr\u0131ca yol tarifi, park yeri, \u00e7al\u0131\u015fma saatleri ve daha fazlas\u0131 hakk\u0131nda <a href=\"https:\/\/www.aquamagis.de\/tr\/sss\/\">SSS - s\u0131k\u00e7a sorulan sorular<\/a> b\u00f6l\u00fcm\u00fcm\u00fczde daha yararl\u0131 bilgiler bulabilirsiniz. Oraya bir g\u00f6z at\u0131n - belki sorunuz \u00e7oktan yan\u0131tlanm\u0131\u015ft\u0131r! <\/p>\n<p>[\/et_pb_text][\/et_pb_column][\/et_pb_row][\/et_pb_section]<\/p>\n","protected":false},"excerpt":{"rendered":"<p>AquaMagis&#8217;e giden yol \u0130ster arabayla ister toplu ta\u015f\u0131ma ara\u00e7lar\u0131yla seyahat edin: Plettenberg in the Sauerland&#8217;daki AquaMagis macera havuzuna ula\u015fmak i\u00e7in ihtiyac\u0131n\u0131z olan t\u00fcm bilgileri burada bulabilirsiniz. Araba ile seyahat Navigasyon cihaz\u0131n\u0131z i\u00e7in adres:AquaMagis Plettenberg GmbHB\u00f6ddinghauser Feld 158840 Plettenberg Not: Navigasyon cihaz\u0131n\u0131z &#8220;B\u00f6ddinghauser Feld 1&#8221; adresini bulamazsa, l\u00fctfen hedef sokak olarak &#8220;Albert-Schweitzer-Stra\u00dfe&#8221; girin. AquaMagis macera havuzunun [&hellip;]<\/p>\n","protected":false},"author":1,"featured_media":0,"parent":0,"menu_order":0,"comment_status":"closed","ping_status":"closed","template":"","meta":{"_acf_changed":false,"_et_pb_use_builder":"on","_et_pb_old_content":"","_et_gb_content_width":"","footnotes":""},"class_list":["post-4794","page","type-page","status-publish","hentry"],"acf":[],"publishpress_future_action":{"enabled":false,"date":"2026-05-16 16:13:45","action":"change-status","newStatus":"draft","terms":[],"taxonomy":"translation_priority","extraData":[]},"publishpress_future_workflow_manual_trigger":{"enabledWorkflows":[]},"_links":{"self":[{"href":"https:\/\/www.aquamagis.de\/tr\/wp-json\/wp\/v2\/pages\/4794","targetHints":{"allow":["GET"]}}],"collection":[{"href":"https:\/\/www.aquamagis.de\/tr\/wp-json\/wp\/v2\/pages"}],"about":[{"href":"https:\/\/www.aquamagis.de\/tr\/wp-json\/wp\/v2\/types\/page"}],"author":[{"embeddable":true,"href":"https:\/\/www.aquamagis.de\/tr\/wp-json\/wp\/v2\/users\/1"}],"replies":[{"embeddable":true,"href":"https:\/\/www.aquamagis.de\/tr\/wp-json\/wp\/v2\/comments?post=4794"}],"version-history":[{"count":1,"href":"https:\/\/www.aquamagis.de\/tr\/wp-json\/wp\/v2\/pages\/4794\/revisions"}],"predecessor-version":[{"id":4798,"href":"https:\/\/www.aquamagis.de\/tr\/wp-json\/wp\/v2\/pages\/4794\/revisions\/4798"}],"wp:attachment":[{"href":"https:\/\/www.aquamagis.de\/tr\/wp-json\/wp\/v2\/media?parent=4794"}],"curies":[{"name":"wp","href":"https:\/\/api.w.org\/{rel}","templated":true}]}}