{"id":4748,"date":"2025-03-04T14:35:38","date_gmt":"2025-03-04T13:35:38","guid":{"rendered":"https:\/\/www.aquamagis.de\/su-kaydiraklari-ve-yuezme\/"},"modified":"2025-08-04T14:34:29","modified_gmt":"2025-08-04T12:34:29","slug":"su-kaydiraklari-ve-yuezme","status":"publish","type":"page","link":"https:\/\/www.aquamagis.de\/tr\/su-kaydiraklari-ve-yuezme\/","title":{"rendered":"Su kayd\u0131raklar\u0131 ve y\u00fczme"},"content":{"rendered":"<p>[et_pb_section fb_built=&#8221;1&#8243; custom_padding_last_edited=&#8221;off|desktop&#8221; module_class=&#8221;custom-mask-1&#8243; _builder_version=&#8221;4.27.4&#8243; _module_preset=&#8221;default&#8221; use_background_color_gradient=&#8221;on&#8221; background_color_gradient_direction=&#8221;90deg&#8221; background_color_gradient_stops=&#8221;#183647 30%|rgba(255,255,255,0) 100%&#8221; background_image=&#8221;https:\/\/www.aquamagis.de\/wp-content\/uploads\/2025\/03\/aquamagis-plettenberg-schwimmbad-spassbad-header_greenkick.jpg&#8221; background_position=&#8221;top_center&#8221; background_blend=&#8221;multiply&#8221; min_height_tablet=&#8221;&#8221; min_height_phone=&#8221;&#8221; min_height_last_edited=&#8221;on|phone&#8221; custom_padding=&#8221;6vh||0px||false|false&#8221; custom_padding_tablet=&#8221;10vh||10vh||true|false&#8221; custom_padding_phone=&#8221;6vh||6vh||true|false&#8221; hover_enabled=&#8221;0&#8243; da_disable_devices=&#8221;off|off|off&#8221; locked=&#8221;off&#8221; global_colors_info=&#8221;{}&#8221; sticky_enabled=&#8221;0&#8243; da_is_popup=&#8221;off&#8221; da_exit_intent=&#8221;off&#8221; da_has_close=&#8221;on&#8221; da_alt_close=&#8221;off&#8221; da_dark_close=&#8221;off&#8221; da_not_modal=&#8221;on&#8221; da_is_singular=&#8221;off&#8221; da_with_loader=&#8221;off&#8221; da_has_shadow=&#8221;on&#8221;][et_pb_row custom_padding_last_edited=&#8221;on|phone&#8221; _builder_version=&#8221;4.27.4&#8243; _module_preset=&#8221;default&#8221; custom_padding=&#8221;||2%||false|false&#8221; custom_padding_tablet=&#8221;||10%||false|false&#8221; custom_padding_phone=&#8221;||10%||false|false&#8221; global_colors_info=&#8221;{}&#8221;][et_pb_column type=&#8221;4_4&#8243; _builder_version=&#8221;4.27.4&#8243; _module_preset=&#8221;default&#8221; global_colors_info=&#8221;{}&#8221;][et_pb_text _builder_version=&#8221;4.27.4&#8243; _module_preset=&#8221;default&#8221; text_text_color=&#8221;#FFFFFF&#8221; text_font_size=&#8221;1.6em&#8221; text_line_height=&#8221;1.3em&#8221; header_font=&#8221;-et_global_heading_font|800|||||||&#8221; header_text_color=&#8221;#FFFFFF&#8221; header_2_text_color=&#8221;#FFFFFF&#8221; max_width=&#8221;70%&#8221; max_width_tablet=&#8221;100%&#8221; max_width_phone=&#8221;100%&#8221; max_width_last_edited=&#8221;on|tablet&#8221; text_font_size_tablet=&#8221;1.1em&#8221; text_font_size_phone=&#8221;1em&#8221; text_font_size_last_edited=&#8221;on|phone&#8221; global_colors_info=&#8221;{}&#8221;]<\/p>\n<h1>AquaMagis&#8217;te kayd\u0131raklar ve y\u00fczme<\/h1>\n<p class=\"p1\">Su kayd\u0131raklar\u0131m\u0131zda saf adrenalin, dalga havuzunda rahatlama veya Turtle Bay&#8217;de k\u00fc\u00e7\u00fckler i\u00e7in e\u011flence ve oyunlar - AquaMagis size ger\u00e7ekten iyi bir su deneyimi i\u00e7in ihtiyac\u0131n\u0131z olan her \u015feyi sunuyor. Ve hepsinden iyisi: hepsi tek bir yerde - Sauerland&#8217;\u0131n merkezinde. <\/p>\n<p>[\/et_pb_text][dipi_button_grid flex_direction=&#8221;row&#8221; justify_content=&#8221;flex-start&#8221; _builder_version=&#8221;4.27.4&#8243; _module_preset=&#8221;default&#8221; custom_button_grid=&#8221;on&#8221; button_grid_text_size=&#8221;20px&#8221; button_grid_border_width=&#8221;0px&#8221; button_grid_border_radius=&#8221;25px&#8221; button_grid_font=&#8221;|600||on|||||&#8221; button_grid_text_size_tablet=&#8221;20px&#8221; button_grid_text_size_phone=&#8221;16px&#8221; button_grid_text_size_last_edited=&#8221;on|phone&#8221; box_shadow_style_button_grid=&#8221;preset1&#8243; box_shadow_vertical_button_grid=&#8221;0px&#8221; box_shadow_blur_button_grid=&#8221;25px&#8221; box_shadow_color_button_grid=&#8221;rgba(255,255,255,0.7)&#8221; global_colors_info=&#8221;{}&#8221; transform_styles__hover_enabled=&#8221;on|hover&#8221; transform_scale__hover_enabled=&#8221;on|hover&#8221; transform_translate__hover_enabled=&#8221;on|desktop&#8221; transform_rotate__hover_enabled=&#8221;on|desktop&#8221; transform_skew__hover_enabled=&#8221;on|desktop&#8221; transform_origin__hover_enabled=&#8221;on|desktop&#8221;][dipi_button_grid_child button_id=&#8221;Rutschen&#8221; button_type=&#8221;dp_button&#8221; button_text=&#8221;Kayd\u0131raklar&#8221; button_link=&#8221;@ET-DC@eyJkeW5hbWljIjp0cnVlLCJjb250ZW50IjoicG9zdF9saW5rX3VybF9wYWdlIiwic2V0dGluZ3MiOnsicG9zdF9pZCI6IjEyNiJ9fQ==@&#8221; button_link_target=&#8221;off&#8221; _builder_version=&#8221;4.27.4&#8243; _dynamic_attributes=&#8221;button_link&#8221; _module_preset=&#8221;default&#8221; custom_button=&#8221;on&#8221; button_text_color=&#8221;#FFFFFF&#8221; button_bg_color=&#8221;#183647&#8243; global_colors_info=&#8221;{}&#8221; transform_styles__hover_enabled=&#8221;on|hover&#8221; transform_scale__hover_enabled=&#8221;on|hover&#8221; transform_translate__hover_enabled=&#8221;on|desktop&#8221; transform_rotate__hover_enabled=&#8221;on|desktop&#8221; transform_skew__hover_enabled=&#8221;on|desktop&#8221; transform_origin__hover_enabled=&#8221;on|desktop&#8221; transform_scale__hover=&#8221;105%|105%&#8221; custom_css_button_type_last_edited=&#8221;on|phone&#8221; custom_css_button_type_phone=&#8221;width: 300px !important;||text-align: center !important;&#8221;][\/dipi_button_grid_child][dipi_button_grid_child button_id=&#8221;Baden &#038; Schwimmen&#8221; button_type=&#8221;dp_button&#8221; button_text=&#8221;Banyo ve y\u00fczme&#8221; button_link=&#8221;@ET-DC@eyJkeW5hbWljIjp0cnVlLCJjb250ZW50IjoicG9zdF9saW5rX3VybF9wYWdlIiwic2V0dGluZ3MiOnsicG9zdF9pZCI6IjEyOCJ9fQ==@&#8221; button_link_target=&#8221;off&#8221; _builder_version=&#8221;4.27.4&#8243; _dynamic_attributes=&#8221;button_link&#8221; _module_preset=&#8221;default&#8221; custom_button=&#8221;on&#8221; button_text_color=&#8221;#000000&#8243; button_bg_color=&#8221;#FBBA00&#8243; global_colors_info=&#8221;{}&#8221; transform_styles__hover_enabled=&#8221;on|hover&#8221; transform_scale__hover_enabled=&#8221;on|hover&#8221; transform_translate__hover_enabled=&#8221;on|desktop&#8221; transform_rotate__hover_enabled=&#8221;on|desktop&#8221; transform_skew__hover_enabled=&#8221;on|desktop&#8221; transform_origin__hover_enabled=&#8221;on|desktop&#8221; transform_scale__hover=&#8221;105%|105%&#8221; custom_css_button_type_last_edited=&#8221;on|phone&#8221; custom_css_button_type_phone=&#8221;width: 300px !important;||text-align: center !important;&#8221;][\/dipi_button_grid_child][dipi_button_grid_child button_id=&#8221;Kids &#038; Family&#8221; button_type=&#8221;dp_button&#8221; button_text=&#8221;\u00c7ocuklar &amp; Aile&#8221; button_link=&#8221;@ET-DC@eyJkeW5hbWljIjp0cnVlLCJjb250ZW50IjoicG9zdF9saW5rX3VybF9wYWdlIiwic2V0dGluZ3MiOnsicG9zdF9pZCI6IjEzMCJ9fQ==@&#8221; button_link_target=&#8221;off&#8221; _builder_version=&#8221;4.27.4&#8243; _dynamic_attributes=&#8221;button_link&#8221; _module_preset=&#8221;default&#8221; custom_button=&#8221;on&#8221; button_text_color=&#8221;#FFFFFF&#8221; button_bg_color=&#8221;#B30018&#8243; global_colors_info=&#8221;{}&#8221; transform_styles__hover_enabled=&#8221;on|hover&#8221; transform_scale__hover_enabled=&#8221;on|hover&#8221; transform_translate__hover_enabled=&#8221;on|desktop&#8221; transform_rotate__hover_enabled=&#8221;on|desktop&#8221; transform_skew__hover_enabled=&#8221;on|desktop&#8221; transform_origin__hover_enabled=&#8221;on|desktop&#8221; transform_scale__hover=&#8221;105%|105%&#8221; custom_css_button_type_last_edited=&#8221;on|phone&#8221; custom_css_button_type_phone=&#8221;width: 300px !important;||text-align: center !important;&#8221;][\/dipi_button_grid_child][\/dipi_button_grid][\/et_pb_column][\/et_pb_row][et_pb_row _builder_version=&#8221;4.27.4&#8243; _module_preset=&#8221;default&#8221; width=&#8221;100%&#8221; max_width=&#8221;100%&#8221; custom_margin=&#8221;0px|0px|0px|0px|false|false&#8221; custom_padding=&#8221;0px|0px|0px|0px|false|false&#8221; locked=&#8221;off&#8221; global_colors_info=&#8221;{}&#8221;][et_pb_column type=&#8221;4_4&#8243; _builder_version=&#8221;4.27.4&#8243; _module_preset=&#8221;default&#8221; global_colors_info=&#8221;{}&#8221;][et_pb_image src=&#8221;https:\/\/www.aquamagis.de\/wp-content\/uploads\/2025\/03\/Welle_AquaMagis.svg&#8221; _builder_version=&#8221;4.27.4&#8243; _module_preset=&#8221;default&#8221; global_colors_info=&#8221;{}&#8221;][\/et_pb_image][\/et_pb_column][\/et_pb_row][\/et_pb_section][et_pb_section fb_built=&#8221;1&#8243; _builder_version=&#8221;4.27.4&#8243; _module_preset=&#8221;default&#8221; custom_padding=&#8221;||30px|||&#8221; top_divider_style=&#8221;wave&#8221; top_divider_color=&#8221;#183647&#8243; top_divider_height_tablet=&#8221;70px&#8221; top_divider_height_phone=&#8221;60px&#8221; top_divider_height_last_edited=&#8221;on|phone&#8221; da_disable_devices=&#8221;off|off|off&#8221; global_colors_info=&#8221;{}&#8221; da_is_popup=&#8221;off&#8221; da_exit_intent=&#8221;off&#8221; da_has_close=&#8221;on&#8221; da_alt_close=&#8221;off&#8221; da_dark_close=&#8221;off&#8221; da_not_modal=&#8221;on&#8221; da_is_singular=&#8221;off&#8221; da_with_loader=&#8221;off&#8221; da_has_shadow=&#8221;on&#8221;][et_pb_row column_structure=&#8221;3_5,2_5&#8243; _builder_version=&#8221;4.27.4&#8243; _module_preset=&#8221;default&#8221; global_colors_info=&#8221;{}&#8221;][et_pb_column type=&#8221;3_5&#8243; _builder_version=&#8221;4.27.4&#8243; _module_preset=&#8221;default&#8221; global_colors_info=&#8221;{}&#8221;][et_pb_text _builder_version=&#8221;4.27.4&#8243; _module_preset=&#8221;default&#8221; locked=&#8221;off&#8221; global_colors_info=&#8221;{}&#8221;]<\/p>\n<h2 class=\"p1\">Herkes i\u00e7in su kayd\u0131raklar\u0131 - hafiften muhte\u015fem olana<\/h2>\n<p class=\"p1\">AquaMagis&#8217;te t\u00fcm aile i\u00e7in bir kayd\u0131rak deneyimi sizi bekliyor! Toplam 19 benzersiz su kayd\u0131ra\u011f\u0131 ile adrenalin tutkunlar\u0131n\u0131n yan\u0131 s\u0131ra en gen\u00e7 misafirlerimize de do\u011fru miktarda e\u011flence sunuyoruz. <\/p>\n<p class=\"p1\">Yeni <span class=\"s1\">ShootingSTAR<\/span>, 22 metreyi a\u015fan y\u00fcksekli\u011fiyle Almanya&#8217;n\u0131n en y\u00fcksek a\u00e7\u0131k hava su kayd\u0131ra\u011f\u0131d\u0131r ve e\u015fsiz bir kayma deneyimi vaat etmektedir.<span class=\"Apple-converted-space\">  <\/span>Ancak bu sadece ba\u015flang\u0131\u00e7: Sizi son derece h\u0131zl\u0131 bir \u015fekilde tam bir daire boyunca g\u00f6t\u00fcren d\u00fcnyan\u0131n ilk d\u00f6ng\u00fc kayd\u0131ra\u011f\u0131n\u0131n heyecan\u0131n\u0131 ya\u015fay\u0131n. Ya da sadece burada bulunan yenilik\u00e7i stand-up ve r\u00fczgar kayd\u0131raklar\u0131na binin. Suya nazik\u00e7e inmeden \u00f6nce alt\u0131 metrelik bir serbest d\u00fc\u015f\u00fc\u015f deneyimledi\u011finiz &#8220;Pink Jump&#8221; kayd\u0131ra\u011f\u0131 \u00f6zel bir heyecan sunar.  <\/p>\n<p class=\"p1\">\u0130ster h\u0131z tutkunu olun ister sadece e\u011flenmek isteyin - AquaMagis&#8217;te verdi\u011finiz paran\u0131n kar\u015f\u0131l\u0131\u011f\u0131n\u0131 alacaks\u0131n\u0131z. Ve en iyisi de \u015fu: adrenalin patlamas\u0131ndan sonra rahatlat\u0131c\u0131 su d\u00fcnyalar\u0131m\u0131zda dinlenebilirsiniz. <\/p>\n<p>[\/et_pb_text][et_pb_button button_url=&#8221;@ET-DC@eyJkeW5hbWljIjp0cnVlLCJjb250ZW50IjoicG9zdF9saW5rX3VybF9wYWdlIiwic2V0dGluZ3MiOnsicG9zdF9pZCI6IjEyNiJ9fQ==@&#8221; button_text=&#8221;Daha fazla bilgi&#8221; _builder_version=&#8221;4.27.4&#8243; _dynamic_attributes=&#8221;button_url&#8221; _module_preset=&#8221;default&#8221; custom_button=&#8221;on&#8221; button_text_size=&#8221;20px&#8221; button_text_color=&#8221;#FFFFFF&#8221; button_bg_color=&#8221;#183647&#8243; button_border_width=&#8221;0px&#8221; button_border_radius=&#8221;30px&#8221; button_font=&#8221;|600||on|||||&#8221; button_use_icon=&#8221;off&#8221; button_text_size_tablet=&#8221;20px&#8221; button_text_size_phone=&#8221;16px&#8221; button_text_size_last_edited=&#8221;on|phone&#8221; box_shadow_style=&#8221;preset1&#8243; box_shadow_vertical=&#8221;0px&#8221; box_shadow_blur=&#8221;10px&#8221; locked=&#8221;off&#8221; global_colors_info=&#8221;{}&#8221; transform_styles__hover_enabled=&#8221;on|hover&#8221; transform_scale__hover_enabled=&#8221;on|hover&#8221; transform_translate__hover_enabled=&#8221;on|desktop&#8221; transform_rotate__hover_enabled=&#8221;on|desktop&#8221; transform_skew__hover_enabled=&#8221;on|desktop&#8221; transform_origin__hover_enabled=&#8221;on|desktop&#8221; transform_scale__hover=&#8221;105%|105%&#8221; button_bg_color__hover_enabled=&#8221;on|hover&#8221; button_bg_color__hover=&#8221;#B30018&#8243; button_bg_enable_color__hover=&#8221;on&#8221;][\/et_pb_button][\/et_pb_column][et_pb_column type=&#8221;2_5&#8243; _builder_version=&#8221;4.27.4&#8243; _module_preset=&#8221;default&#8221; global_colors_info=&#8221;{}&#8221;][et_pb_image src=&#8221;https:\/\/www.aquamagis.de\/wp-content\/uploads\/2025\/03\/aquamagis-plettenberg-schwimmbad-spassbad-rutschen-formel3racer-2.jpg&#8221; title_text=&#8221;C:DCIM105GOPROGOPR4691.GPR&#8221; _builder_version=&#8221;4.27.4&#8243; _module_preset=&#8221;default&#8221; global_colors_info=&#8221;{}&#8221;][\/et_pb_image][\/et_pb_column][\/et_pb_row][et_pb_row column_structure=&#8221;2_5,3_5&#8243; _builder_version=&#8221;4.27.4&#8243; _module_preset=&#8221;default&#8221; global_colors_info=&#8221;{}&#8221;][et_pb_column type=&#8221;2_5&#8243; _builder_version=&#8221;4.27.4&#8243; _module_preset=&#8221;default&#8221; global_colors_info=&#8221;{}&#8221;][et_pb_image src=&#8221;https:\/\/www.aquamagis.de\/wp-content\/uploads\/2025\/03\/aquamagis-plettenberg-schwimmbad-spassbad-6.jpg&#8221; title_text=&#8221;AquaMagis Plettenberg macera havuzu&#8221; _builder_version=&#8221;4.27.4&#8243; _module_preset=&#8221;default&#8221; global_colors_info=&#8221;{}&#8221;][\/et_pb_image][\/et_pb_column][et_pb_column type=&#8221;3_5&#8243; _builder_version=&#8221;4.27.4&#8243; _module_preset=&#8221;default&#8221; global_colors_info=&#8221;{}&#8221;][et_pb_text _builder_version=&#8221;4.27.4&#8243; _module_preset=&#8221;default&#8221; locked=&#8221;off&#8221; global_colors_info=&#8221;{}&#8221;]<\/p>\n<h2>T\u00fcm aile i\u00e7in y\u00fczme e\u011flencesi - su d\u00fcnyalar\u0131m\u0131z\u0131 ke\u015ffedin<\/h2>\n<p class=\"p1\">Kendinizi \u00e7e\u015fitli AquaMagis su d\u00fcnyalar\u0131m\u0131za b\u0131rak\u0131n ve t\u00fcm aile i\u00e7in y\u00fczme e\u011flencesini ya\u015fay\u0131n. Dalga havuzunda kendinizi hafif veya g\u00fc\u00e7l\u00fc dalgalara b\u0131rak\u0131n ve burada bizimle birlikte deniz hissinin tad\u0131n\u0131 \u00e7\u0131kar\u0131n. Sportif y\u00fcz\u00fcc\u00fcler i\u00e7in 25 metrelik spor havuzumuz, kula\u00e7 atmak ve formda kalmak i\u00e7in ideal ko\u015fullar sunmaktad\u0131r. Tuzlu su havuzunda, ho\u015f s\u0131cakl\u0131klarda rahatlayabilir ve tuzlu suyun v\u00fccudunuz ve zihniniz \u00fczerindeki faydal\u0131 etkilerini hissedebilirsiniz. Macera nehrimiz, Karayip atmosferinin tad\u0131n\u0131 \u00e7\u0131kar\u0131rken sizi hafif ak\u0131nt\u0131larla rahatlat\u0131c\u0131 bir yolculu\u011fa \u00e7\u0131kar\u0131r.    <\/p>\n<p class=\"p1\">\u00c7ocuklara uygun d\u00f6rt kayd\u0131rak, f\u0131skiyeler ve sizi oynamaya ve ke\u015ffetmeye davet eden b\u00fcy\u00fck boy bir kaplumba\u011fa ile renkli bir su oyun alan\u0131 olan <span class=\"s1\">Kaplumba\u011fa K<\/span> oyu&#8217;nu 10 ya\u015f\u0131na kadar olan k\u00fc\u00e7\u00fck misafirlerimiz i\u00e7in yaratt\u0131k. \u0130ster i\u00e7eride ister d\u0131\u015far\u0131da olsun, y\u00fczmek, rahatlamak veya stres atmak i\u00e7in her zaman do\u011fru yeri bulacaks\u0131n\u0131z. <\/p>\n<p>[\/et_pb_text][et_pb_button button_url=&#8221;@ET-DC@eyJkeW5hbWljIjp0cnVlLCJjb250ZW50IjoicG9zdF9saW5rX3VybF9wYWdlIiwic2V0dGluZ3MiOnsicG9zdF9pZCI6IjEyOCJ9fQ==@&#8221; button_text=&#8221;Daha fazla bilgi&#8221; _builder_version=&#8221;4.27.4&#8243; _dynamic_attributes=&#8221;button_url&#8221; _module_preset=&#8221;default&#8221; custom_button=&#8221;on&#8221; button_text_size=&#8221;20px&#8221; button_text_color=&#8221;#FFFFFF&#8221; button_bg_color=&#8221;#183647&#8243; button_border_width=&#8221;0px&#8221; button_border_radius=&#8221;30px&#8221; button_font=&#8221;|600||on|||||&#8221; button_use_icon=&#8221;off&#8221; button_text_size_tablet=&#8221;20px&#8221; button_text_size_phone=&#8221;16px&#8221; button_text_size_last_edited=&#8221;on|phone&#8221; box_shadow_style=&#8221;preset1&#8243; box_shadow_vertical=&#8221;0px&#8221; box_shadow_blur=&#8221;10px&#8221; locked=&#8221;off&#8221; global_colors_info=&#8221;{}&#8221; transform_styles__hover_enabled=&#8221;on|hover&#8221; button_bg_color__hover=&#8221;#B30018&#8243; button_bg_color__hover_enabled=&#8221;on|hover&#8221; transform_scale__hover=&#8221;105%|105%&#8221; transform_scale__hover_enabled=&#8221;on|hover&#8221; transform_translate__hover_enabled=&#8221;on|desktop&#8221; transform_rotate__hover_enabled=&#8221;on|desktop&#8221; transform_skew__hover_enabled=&#8221;on|desktop&#8221; transform_origin__hover_enabled=&#8221;on|desktop&#8221;][\/et_pb_button][\/et_pb_column][\/et_pb_row][et_pb_row column_structure=&#8221;3_5,2_5&#8243; _builder_version=&#8221;4.27.4&#8243; _module_preset=&#8221;default&#8221; global_colors_info=&#8221;{}&#8221;][et_pb_column type=&#8221;3_5&#8243; _builder_version=&#8221;4.27.4&#8243; _module_preset=&#8221;default&#8221; global_colors_info=&#8221;{}&#8221;][et_pb_text _builder_version=&#8221;4.27.4&#8243; _module_preset=&#8221;default&#8221; locked=&#8221;off&#8221; global_colors_info=&#8221;{}&#8221;]<\/p>\n<h2>\u00c7ocuklar ve Aile: <b>k\u00fc\u00e7\u00fck ka\u015fifler ve b\u00fcy\u00fck aile anlar\u0131 i\u00e7in su e\u011flencesi<\/b><b><\/b><\/h2>\n<p class=\"p4\">\u0130ster ilk su s\u0131\u00e7ratma denemeniz ister t\u00fcm aile i\u00e7in aksiyon olsun - AquaMagis&#8217;te su maceran\u0131z\u0131 birlikte bulacaks\u0131n\u0131z. Yeni <span class=\"s1\">Kaplumba\u011fa<\/span> Koyu&#8217;nda 10 ya\u015f\u0131na kadar olan \u00e7ocuklar kayd\u0131raklar, f\u0131skiyeler ve dev bir devrilme kovas\u0131yla kendi renkli su d\u00fcnyalar\u0131n\u0131 ke\u015ffedebilirler. <\/p>\n<p class=\"p4\">Sudan uzakta da deneyimleyebilece\u011finiz pek \u00e7ok \u015fey var: \u00e7ocuk dostu havuzlar, s\u0131\u011f giri\u015fler, dalga havuzu ve stres at\u0131p dinlenebilece\u011finiz pek \u00e7ok yer. Gen\u00e7 aileler i\u00e7in muhte\u015fem su kayd\u0131raklar\u0131m\u0131z adrenalin ve maceran\u0131n m\u00fckemmel bir kar\u0131\u015f\u0131m\u0131n\u0131 sunmaktad\u0131r. <\/p>\n<p class=\"p3\">AquaMagis&#8217;in anlam\u0131: K\u00fc\u00e7\u00fckten b\u00fcy\u00fc\u011fe herkes i\u00e7in bir g\u00fcn.<\/p>\n<p>[\/et_pb_text][et_pb_button button_url=&#8221;@ET-DC@eyJkeW5hbWljIjp0cnVlLCJjb250ZW50IjoicG9zdF9saW5rX3VybF9wYWdlIiwic2V0dGluZ3MiOnsicG9zdF9pZCI6IjEzMCJ9fQ==@&#8221; button_text=&#8221;Daha fazla bilgi&#8221; _builder_version=&#8221;4.27.4&#8243; _dynamic_attributes=&#8221;button_url&#8221; _module_preset=&#8221;default&#8221; custom_button=&#8221;on&#8221; button_text_size=&#8221;20px&#8221; button_text_color=&#8221;#FFFFFF&#8221; button_bg_color=&#8221;#183647&#8243; button_border_width=&#8221;0px&#8221; button_border_radius=&#8221;30px&#8221; button_font=&#8221;|600||on|||||&#8221; button_use_icon=&#8221;off&#8221; button_text_size_tablet=&#8221;20px&#8221; button_text_size_phone=&#8221;16px&#8221; button_text_size_last_edited=&#8221;on|phone&#8221; box_shadow_style=&#8221;preset1&#8243; box_shadow_vertical=&#8221;0px&#8221; box_shadow_blur=&#8221;10px&#8221; locked=&#8221;off&#8221; global_colors_info=&#8221;{}&#8221; transform_styles__hover_enabled=&#8221;on|hover&#8221; button_bg_color__hover=&#8221;#B30018&#8243; button_bg_color__hover_enabled=&#8221;on|hover&#8221; transform_scale__hover=&#8221;105%|105%&#8221; transform_scale__hover_enabled=&#8221;on|hover&#8221; transform_translate__hover_enabled=&#8221;on|desktop&#8221; transform_rotate__hover_enabled=&#8221;on|desktop&#8221; transform_skew__hover_enabled=&#8221;on|desktop&#8221; transform_origin__hover_enabled=&#8221;on|desktop&#8221;][\/et_pb_button][\/et_pb_column][et_pb_column type=&#8221;2_5&#8243; _builder_version=&#8221;4.27.4&#8243; _module_preset=&#8221;default&#8221; global_colors_info=&#8221;{}&#8221;][et_pb_image src=&#8221;https:\/\/www.aquamagis.de\/wp-content\/uploads\/2025\/03\/aquamagis-plettenberg-schwimmbad-spassbad-4.jpg&#8221; title_text=&#8221;AquaMagis Plettenberg macera havuzu&#8221; _builder_version=&#8221;4.27.4&#8243; _module_preset=&#8221;default&#8221; global_colors_info=&#8221;{}&#8221;][\/et_pb_image][\/et_pb_column][\/et_pb_row][\/et_pb_section]<\/p>\n","protected":false},"excerpt":{"rendered":"<p>AquaMagis&#8217;te kayd\u0131raklar ve y\u00fczme Su kayd\u0131raklar\u0131m\u0131zda saf adrenalin, dalga havuzunda rahatlama veya Turtle Bay&#8217;de k\u00fc\u00e7\u00fckler i\u00e7in e\u011flence ve oyunlar - AquaMagis size ger\u00e7ekten iyi bir su deneyimi i\u00e7in ihtiyac\u0131n\u0131z olan her \u015feyi sunuyor. Ve hepsinden iyisi: hepsi tek bir yerde - Sauerland&#8217;\u0131n merkezinde. <div class=\"et_pb_module dipi_button_grid dipi_button_grid_0\">\n\t\t\t\t\n\t\t\t\t\n\t\t\t\t\n\t\t\t\t\n\t\t\t\t\n\t\t\t\t\n\t\t\t\t<div class=\"et_pb_module_inner\">\n\t\t\t\t\t<div class=\"dipi-button-grid-container\">\n                \n            <\/div>\n\t\t\t\t<\/div>\n\t\t\t<\/div><\/p>\n","protected":false},"author":1,"featured_media":4749,"parent":0,"menu_order":0,"comment_status":"closed","ping_status":"closed","template":"","meta":{"_acf_changed":false,"_et_pb_use_builder":"on","_et_pb_old_content":"","_et_gb_content_width":"","footnotes":""},"class_list":["post-4748","page","type-page","status-publish","has-post-thumbnail","hentry"],"acf":[],"publishpress_future_action":{"enabled":false,"date":"2026-05-16 16:12:55","action":"change-status","newStatus":"draft","terms":[],"taxonomy":"translation_priority","extraData":[]},"publishpress_future_workflow_manual_trigger":{"enabledWorkflows":[]},"_links":{"self":[{"href":"https:\/\/www.aquamagis.de\/tr\/wp-json\/wp\/v2\/pages\/4748","targetHints":{"allow":["GET"]}}],"collection":[{"href":"https:\/\/www.aquamagis.de\/tr\/wp-json\/wp\/v2\/pages"}],"about":[{"href":"https:\/\/www.aquamagis.de\/tr\/wp-json\/wp\/v2\/types\/page"}],"author":[{"embeddable":true,"href":"https:\/\/www.aquamagis.de\/tr\/wp-json\/wp\/v2\/users\/1"}],"replies":[{"embeddable":true,"href":"https:\/\/www.aquamagis.de\/tr\/wp-json\/wp\/v2\/comments?post=4748"}],"version-history":[{"count":3,"href":"https:\/\/www.aquamagis.de\/tr\/wp-json\/wp\/v2\/pages\/4748\/revisions"}],"predecessor-version":[{"id":4766,"href":"https:\/\/www.aquamagis.de\/tr\/wp-json\/wp\/v2\/pages\/4748\/revisions\/4766"}],"wp:featuredmedia":[{"embeddable":true,"href":"https:\/\/www.aquamagis.de\/tr\/wp-json\/wp\/v2\/media\/4749"}],"wp:attachment":[{"href":"https:\/\/www.aquamagis.de\/tr\/wp-json\/wp\/v2\/media?parent=4748"}],"curies":[{"name":"wp","href":"https:\/\/api.w.org\/{rel}","templated":true}]}}